{"id":2203,"date":"2016-08-10T08:50:57","date_gmt":"2016-08-10T08:50:57","guid":{"rendered":"https:\/\/karitaszeger.hu\/web\/?page_id=6"},"modified":"2021-03-24T10:15:02","modified_gmt":"2021-03-24T10:15:02","slug":"tevekenysegunk","status":"publish","type":"page","link":"https:\/\/karitaszeger.hu\/web\/tevekenysegunk\/","title":{"rendered":"Tev\u00e9kenys\u00e9g\u00fcnk"},"content":{"rendered":"<p><div class=\"fusion-fullwidth fullwidth-box fusion-builder-row-1 fusion-flex-container hundred-percent-fullwidth non-hundred-percent-height-scrolling\" style=\"--awb-background-position:left top;--awb-border-sizes-top:0px;--awb-border-sizes-bottom:0px;--awb-border-sizes-left:0px;--awb-border-sizes-right:0px;--awb-border-radius-top-left:0px;--awb-border-radius-top-right:0px;--awb-border-radius-bottom-right:0px;--awb-border-radius-bottom-left:0px;--awb-padding-top:0px;--awb-padding-right:0px;--awb-padding-bottom:0px;--awb-padding-left:0px;--awb-flex-wrap:wrap;\" ><div class=\"fusion-builder-row fusion-row fusion-flex-align-items-stretch fusion-flex-content-wrap\" style=\"width:104% !important;max-width:104% !important;margin-left: calc(-4% \/ 2 );margin-right: calc(-4% \/ 2 );\"><div class=\"fusion-layout-column fusion_builder_column fusion-builder-column-0 fusion_builder_column_1_2 1_2 fusion-flex-column\" style=\"--awb-padding-top:100px;--awb-padding-right:10%;--awb-padding-bottom:0px;--awb-padding-left:10%;--awb-bg-size:cover;--awb-width-large:50%;--awb-margin-top-large:0px;--awb-spacing-right-large:3.84%;--awb-margin-bottom-large:0px;--awb-spacing-left-large:3.84%;--awb-width-medium:100%;--awb-order-medium:0;--awb-spacing-right-medium:1.92%;--awb-spacing-left-medium:1.92%;--awb-width-small:100%;--awb-order-small:0;--awb-spacing-right-small:1.92%;--awb-spacing-left-small:1.92%;\"><div class=\"fusion-column-wrapper fusion-column-has-shadow fusion-flex-justify-content-flex-start fusion-content-layout-column\"><div class=\"fusion-text fusion-text-1\"><p><iframe style=\"border: none; overflow: hidden;\" src=\"https:\/\/www.facebook.com\/plugins\/video.php?height=314&amp;href=https%3A%2F%2Fwww.facebook.com%2Fkaritasz%2Fvideos%2F217793152770062%2F&amp;show_text=false&amp;width=560\" width=\"560\" height=\"314\" frameborder=\"0\" scrolling=\"no\" allowfullscreen=\"allowfullscreen\"><\/iframe><\/p>\n<h3>A Karit\u00e1sz seg\u00edt\u0151 tev\u00e9kenys\u00e9g\u00e9nek az alanyai a R\u00c1SZORUL\u00d3K. Azok, akik csal\u00e1dban \u00e9lnek, vagy a csal\u00e1dban \u00e9lve, vagy onn\u00e9t kiker\u00fclve neh\u00e9z helyzetbe ker\u00fcltek.<\/h3>\n<ol>\n<li><strong>Id\u0151sek \u00e9s betegek<\/strong><\/li>\n<li><strong>Csal\u00e1dok<\/strong><\/li>\n<li><strong>Fogyat\u00e9kkal \u00e9l\u0151k<\/strong><\/li>\n<li><strong>Szenved\u00e9lybetegek<\/strong><\/li>\n<li><strong>Hajl\u00e9ktalanok<\/strong><\/li>\n<li><strong>Kisebbs\u00e9gek<\/strong><\/li>\n<li><strong>Menek\u00fcltek<\/strong><\/li>\n<li><strong>Katasztr\u00f3f\u00e1k \u00e1ldozatai<\/strong><\/li>\n<\/ol>\n<div class=\"fusion-text\"><\/div>\n<div class=\"fusion-text\">\n<div class=\"fusion-text\">\n<h2 data-fontsize=\"32\" data-lineheight=\"64\"><span style=\"color: #ff0000;\">A KARIT\u00c1SZ MUNKA C\u00c9LJAI\u00a0<\/span><\/h2>\n<\/div>\n<div class=\"fusion-text\">\n<ul>\n<li><strong>az \u00f6ngondoskod\u00e1s fel\u00e9 val\u00f3 seg\u00edt\u00e9s;<\/strong><\/li>\n<li><strong>a kr\u00edzishelyzet megsz\u00fcntet\u00e9se a r\u00e1szorul\u00f3 akt\u00edv k\u00f6zrem\u0171k\u00f6d\u00e9s\u00e9vel;<\/strong><\/li>\n<li><strong>a csal\u00e1d j\u00f6v\u0151k\u00e9p\u00e9nek a kialak\u00edt\u00e1sa;<\/strong><\/li>\n<li><strong>a csal\u00e1d boldogs\u00e1g\u00e1nak k\u00f6z\u00f6s megalapoz\u00e1sa.<\/strong><\/li>\n<\/ul>\n<p><strong>A Karit\u00e1sz \u00f6nk\u00e9ntesekb\u0151l \u00e1ll\u00f3 karitat\u00edv szervezet, amely a Katolikus Egyh\u00e1z nev\u00e9ben \u00e9s az Evang\u00e9lium szellem\u00e9ben teszi a j\u00f3t.<\/strong><\/p>\n<p><strong>A Katolikus Karit\u00e1sz korra, nemre, b\u0151rsz\u00ednre \u00e9s vall\u00e1si hovatartoz\u00e1sra val\u00f3 tekintet n\u00e9lk\u00fcl seg\u00edti a r\u00e1szorul\u00f3kat a seg\u00e9lyszervezetek nemzetk\u00f6zi norm\u00e1i szerint, \u00e9s a Katolikus Egyh\u00e1z erk\u00f6lcsi tan\u00edt\u00e1s\u00e1nak el\u0151\u00edr\u00e1sai alapj\u00e1n.<\/strong><\/p>\n<\/div>\n<\/div>\n<\/div><\/div><\/div><div class=\"fusion-layout-column fusion_builder_column fusion-builder-column-1 fusion_builder_column_1_2 1_2 fusion-flex-column\" style=\"--awb-padding-top:100px;--awb-padding-right:0px;--awb-padding-bottom:0px;--awb-padding-left:0px;--awb-bg-image:url(&#039;https:\/\/karitaszeger.hu\/web\/wp-content\/uploads\/2021\/02\/adomany_2_.jpg&#039;);--awb-bg-size:cover;--awb-width-large:50%;--awb-margin-top-large:0px;--awb-spacing-right-large:0px;--awb-margin-bottom-large:0px;--awb-spacing-left-large:0px;--awb-width-medium:100%;--awb-order-medium:0;--awb-spacing-right-medium:1.92%;--awb-spacing-left-medium:1.92%;--awb-width-small:100%;--awb-order-small:0;--awb-spacing-right-small:1.92%;--awb-spacing-left-small:1.92%;\"><div class=\"fusion-column-wrapper fusion-column-has-shadow fusion-flex-justify-content-flex-start fusion-content-layout-column fusion-empty-column-bg-image fusion-column-has-bg-image\" data-bg-url=\"https:\/\/karitaszeger.hu\/web\/wp-content\/uploads\/2021\/02\/adomany_2_.jpg\"><img decoding=\"async\" class=\"fusion-empty-dims-img-placeholder fusion-no-large-visibility\" aria-label=\"adomany_2_\" src=\"data:image\/svg+xml,%3Csvg%20xmlns%3D%27http%3A%2F%2Fwww.w3.org%2F2000%2Fsvg%27%20width%3D%27760%27%20height%3D%27570%27%20viewBox%3D%270%200%20760%20570%27%3E%3Crect%20width%3D%27760%27%20height%3D%27570%27%20fill-opacity%3D%220%22%2F%3E%3C%2Fsvg%3E\"><\/div><\/div><\/div><\/div><div class=\"fusion-fullwidth fullwidth-box fusion-builder-row-2 fusion-flex-container hundred-percent-fullwidth non-hundred-percent-height-scrolling\" style=\"--awb-background-position:left top;--awb-border-sizes-top:0px;--awb-border-sizes-bottom:0px;--awb-border-sizes-left:0px;--awb-border-sizes-right:0px;--awb-border-radius-top-left:0px;--awb-border-radius-top-right:0px;--awb-border-radius-bottom-right:0px;--awb-border-radius-bottom-left:0px;--awb-padding-top:0px;--awb-padding-right:0px;--awb-padding-bottom:0px;--awb-padding-left:0px;--awb-flex-wrap:wrap;\" ><div class=\"fusion-builder-row fusion-row fusion-flex-align-items-stretch fusion-flex-content-wrap\" style=\"width:104% !important;max-width:104% !important;margin-left: calc(-4% \/ 2 );margin-right: calc(-4% \/ 2 );\"><div class=\"fusion-layout-column fusion_builder_column fusion-builder-column-2 fusion_builder_column_1_2 1_2 fusion-flex-column\" style=\"--awb-padding-top:10px;--awb-padding-right:10%;--awb-padding-bottom:100px;--awb-padding-left:10%;--awb-bg-color:rgba(244,16,0,0.06);--awb-bg-color-hover:rgba(244,16,0,0.06);--awb-bg-size:cover;--awb-width-large:50%;--awb-margin-top-large:0px;--awb-spacing-right-large:3.84%;--awb-margin-bottom-large:0px;--awb-spacing-left-large:3.84%;--awb-width-medium:100%;--awb-order-medium:0;--awb-spacing-right-medium:1.92%;--awb-spacing-left-medium:1.92%;--awb-width-small:100%;--awb-order-small:0;--awb-spacing-right-small:1.92%;--awb-spacing-left-small:1.92%;\"><div class=\"fusion-column-wrapper fusion-column-has-shadow fusion-flex-justify-content-flex-start fusion-content-layout-column\"><div class=\"fusion-text fusion-text-2\"><div class=\"fusion-text\">\n<h2 data-fontsize=\"32\" data-lineheight=\"64\"><span style=\"color: #ff0000;\"><img decoding=\"async\" class=\"alignnone wp-image-607\" src=\"https:\/\/karitaszeger.hu\/web\/wp-content\/uploads\/2018\/03\/apple-icon-144x144.png\" alt=\"\" width=\"50\" height=\"50\" srcset=\"https:\/\/karitaszeger.hu\/web\/wp-content\/uploads\/2018\/03\/apple-icon-144x144-66x66.png 66w, https:\/\/karitaszeger.hu\/web\/wp-content\/uploads\/2018\/03\/apple-icon-144x144-100x100.png 100w, https:\/\/karitaszeger.hu\/web\/wp-content\/uploads\/2018\/03\/apple-icon-144x144.png 144w\" sizes=\"(max-width: 50px) 100vw, 50px\" \/> <\/span><span style=\"color: #ff0000;\"><strong>KR\u00cdZISSEG\u00c9LY PROGRAM<\/strong><\/span><\/h2>\n<\/div>\n<div class=\"fusion-text\">\n<p><strong>A kr\u00edzishelyzet olyan egzisztenci\u00e1lis helyzet, amikor a csal\u00e1d v\u00e1ratlanul olyan helyzetbe ker\u00fcl, amit nem, vagy csak seg\u00edts\u00e9ggel tud megoldani.<\/strong><\/p>\n<p><strong>Az Egri Karit\u00e1sz K\u00f6zpont kr\u00edzisseg\u00e9ly programj\u00e1nak a szab\u00e1lyai:<\/strong><\/p>\n<h3><strong>Seg\u00edts\u00e9g t\u00edpusai:<\/strong><\/h3>\n<ul>\n<li><strong>\u00e9tkez\u00e9s: tart\u00f3s \u00e9lelmiszer adom\u00e1nnyal (karit\u00e1sz csoportokn\u00e1l \u00e9s postai \u00faton)<\/strong><\/li>\n<li><strong>rezsitartoz\u00e1sban seg\u00edts\u00e9g: felt\u00e9tel az el\u0151fizet\u0151s m\u00e9r\u0151\u00f3ra ig\u00e9nyl\u00e9se<\/strong><\/li>\n<li><strong>lakb\u00e9rtartoz\u00e1sn\u00e1l: b\u00e9rleti szerz\u0151d\u00e9s alapj\u00e1n, szolg\u00e1ltat\u00f3nak utal\u00e1ssal<\/strong><\/li>\n<li><strong>gy\u00f3gyszert\u00e1mogat\u00e1s: recept alapj\u00e1n<\/strong><\/li>\n<li><strong>gyermekek t\u00e1mogat\u00e1sa: iskolakezd\u00e9shez, ny\u00e1ri t\u00e1boroztat\u00e1sa, ruh\u00e1zat, tanszer.<\/strong><\/li>\n<\/ul>\n<p><strong>A t\u00e1mogat\u00e1s nem k\u00e9szp\u00e9nz jelleg\u0171: szolg\u00e1ltat\u00f3nak utal\u00e1ssal, vagy t\u00e1rgyi adom\u00e1nnyal seg\u00edt\u00fcnk!<\/strong><\/p>\n<\/div>\n<div class=\"fusion-text\">\n<h3 data-fontsize=\"24\" data-lineheight=\"40\"><span style=\"color: #ff0000;\">A KR\u00cdZISSEG\u00c9LY FELT\u00c9TELEI<\/span><\/h3>\n<\/div>\n<div class=\"fusion-text\">\n<ol>\n<li><strong>\u00cdr\u00e1sos k\u00e9relem, amire KR\u00cdZISADATLAPOT k\u00fcld\u00fcnk v\u00e1laszk\u00e9nt.<\/strong><\/li>\n<li><strong>A kr\u00edzisadatlap hi\u00e1nytalan kit\u00f6lt\u00e9se \u00e9s visszak\u00fcld\u00e9se a mell\u00e9kletekkel:<\/strong>\n<ol type=\"a\">\n<li><strong>r\u00e1szorults\u00e1g igazol\u00e1sa:csal\u00e1dseg\u00edt\u0151, \u00f6nkorm\u00e1nyzat r\u00e9sz\u00e9r\u0151l<\/strong><\/li>\n<li><strong>lakc\u00edmk\u00e1rtya m\u00e1solata<\/strong><\/li>\n<li><strong>pl\u00e9b\u00e1nosi\/lelk\u00e9szi aj\u00e1nl\u00e1s<\/strong><\/li>\n<li><strong>j\u00f6vedelemigazol\u00e1sok<\/strong><\/li>\n<li><strong>kiad\u00e1sok (rezsi sz\u00e1ml\u00e1k) m\u00e1solata.<\/strong><\/li>\n<\/ol>\n<\/li>\n<li><strong>A kr\u00edzis adatlap vissza\u00e9rkez\u00e9s\u00e9t k\u00f6vet\u0151en egyeztet\u00e9s a seg\u00edts\u00e9g m\u00f3dj\u00e1r\u00f3l.<\/strong><\/li>\n<li><strong>D\u00f6nt\u00e9s a seg\u00edt\u00e9s m\u00f3dj\u00e1r\u00f3l, tartalm\u00e1r\u00f3l \u00e9s m\u00e9rt\u00e9k\u00e9r\u0151l.<\/strong><\/li>\n<li><strong>Seg\u00edts\u00e9g eljuttat\u00e1sa.<\/strong><\/li>\n<li><strong>\u00c9venk\u00e9nt egy alkalommal tudunk seg\u00edteni ugyanannak a csal\u00e1dnak!<\/strong><\/li>\n<li><strong>Aki az adatokat, a hi\u00e1nyp\u00f3tl\u00e1st 1 h\u00f3napon bel\u00fcl nem k\u00fcldi meg, annak a k\u00e9relm\u00e9t elutas\u00edtjuk.<\/strong><\/li>\n<\/ol>\n<p><span style=\"color: #ff0000;\"><strong>Csak igazoltan r\u00e1szorul\u00f3t tud t\u00e1mogatni a karit\u00e1sz! Aki ezt nem szerzi be, annak a k\u00e9relm\u00e9t elutas\u00edtjuk!<\/strong><\/span><\/p>\n<p><strong>A hajl\u00e9ktalan, szoci\u00e1lisan r\u00e1szorult mag\u00e1nszem\u00e9ly sz\u00e1m\u00e1ra term\u00e9szetben adott juttat\u00e1sok ad\u00f3mentesek (1995. \u00e9vi CXVII. tv. 1. sz\u00e1m\u00fa mell\u00e9klet 8.5. pont).<span style=\"color: #ff0000;\">\u00a0A szoci\u00e1lis r\u00e1szorults\u00e1gr\u00f3l az \u00d6nkorm\u00e1nyzat Szoci\u00e1lis Oszt\u00e1lya, Csal\u00e1dseg\u00edt\u0151 Szolg\u00e1lat, a J\u00e1r\u00e1si Hivatal hat\u00f3s\u00e1gi bizony\u00edtv\u00e1nyt \u00e1ll\u00edt ki.<\/span> Ez minden adom\u00e1nyra vonatkozik: t\u00e1rgyi (b\u00fator, m\u0171szaki cikk, ruha, stb.), \u00e9lelmiszer, egy\u00e9b juttat\u00e1s.<\/strong><\/p>\n<\/div>\n<\/div><\/div><\/div><div class=\"fusion-layout-column fusion_builder_column fusion-builder-column-3 fusion_builder_column_1_2 1_2 fusion-flex-column\" style=\"--awb-padding-top:10px;--awb-padding-right:10%;--awb-padding-bottom:100px;--awb-padding-left:10%;--awb-bg-color:#ffffff;--awb-bg-color-hover:#ffffff;--awb-bg-size:cover;--awb-width-large:50%;--awb-margin-top-large:0px;--awb-spacing-right-large:3.84%;--awb-margin-bottom-large:0px;--awb-spacing-left-large:3.84%;--awb-width-medium:100%;--awb-order-medium:0;--awb-spacing-right-medium:1.92%;--awb-spacing-left-medium:1.92%;--awb-width-small:100%;--awb-order-small:0;--awb-spacing-right-small:1.92%;--awb-spacing-left-small:1.92%;\"><div class=\"fusion-column-wrapper fusion-column-has-shadow fusion-flex-justify-content-flex-start fusion-content-layout-column\"><div class=\"fusion-text fusion-text-3\"><div class=\"fusion-text\"><\/div>\n<div class=\"fusion-text\">\n<h2><span style=\"color: #ff0000;\"><img decoding=\"async\" class=\"alignnone wp-image-607\" src=\"https:\/\/karitaszeger.hu\/web\/wp-content\/uploads\/2018\/03\/apple-icon-144x144.png\" alt=\"\" width=\"50\" height=\"50\" srcset=\"https:\/\/karitaszeger.hu\/web\/wp-content\/uploads\/2018\/03\/apple-icon-144x144-66x66.png 66w, https:\/\/karitaszeger.hu\/web\/wp-content\/uploads\/2018\/03\/apple-icon-144x144-100x100.png 100w, https:\/\/karitaszeger.hu\/web\/wp-content\/uploads\/2018\/03\/apple-icon-144x144.png 144w\" sizes=\"(max-width: 50px) 100vw, 50px\" \/> <\/span><span style=\"color: #ff0000;\"><strong>\u00d6NGONDOSKOD\u00d3 PROGRAMJAINK\u00a0<\/strong><\/span><\/h2>\n<p><img decoding=\"async\" class=\"alignnone size-medium wp-image-2334\" src=\"https:\/\/karitaszeger.hu\/web\/wp-content\/uploads\/2021\/02\/ongondoskodo_program-300x170.png\" alt=\"\" width=\"300\" height=\"170\" srcset=\"https:\/\/karitaszeger.hu\/web\/wp-content\/uploads\/2021\/02\/ongondoskodo_program-200x114.png 200w, https:\/\/karitaszeger.hu\/web\/wp-content\/uploads\/2021\/02\/ongondoskodo_program-300x170.png 300w, https:\/\/karitaszeger.hu\/web\/wp-content\/uploads\/2021\/02\/ongondoskodo_program.png 352w\" sizes=\"(max-width: 300px) 100vw, 300px\" \/><img decoding=\"async\" class=\"alignnone size-medium wp-image-2335\" src=\"https:\/\/karitaszeger.hu\/web\/wp-content\/uploads\/2021\/02\/ongondoskodo_haztartasok-300x228.jpg\" alt=\"\" width=\"300\" height=\"228\" srcset=\"https:\/\/karitaszeger.hu\/web\/wp-content\/uploads\/2021\/02\/ongondoskodo_haztartasok-200x152.jpg 200w, https:\/\/karitaszeger.hu\/web\/wp-content\/uploads\/2021\/02\/ongondoskodo_haztartasok-300x228.jpg 300w, https:\/\/karitaszeger.hu\/web\/wp-content\/uploads\/2021\/02\/ongondoskodo_haztartasok.jpg 380w\" sizes=\"(max-width: 300px) 100vw, 300px\" \/><\/p>\n<\/div>\n<div class=\"fusion-text\">\n<h3 data-fontsize=\"24\" data-lineheight=\"40\"><span style=\"color: #ff0000;\">Z\u00d6LDELL\u0150 KERTEK: VET\u0150MAG PROGRAM<\/span><\/h3>\n<\/div>\n<div class=\"fusion-text\">\n<p><strong>A r\u00e1szorul\u00f3 akkor kaphatnak seg\u00edts\u00e9get, ha \u0151k maguk is tesznek az\u00e9rt, hogy az \u00e9letk\u00f6r\u00fclm\u00e9nyeik javuljanak.<\/strong><\/p>\n<p><strong>C\u00e9l\u00a0a m\u0171velhet\u0151 kerttel, f\u00f6lddel rendelkez\u0151 r\u00e1szorul\u00f3 csal\u00e1dok t\u00e1mogat\u00e1sa abban, hogy a f\u00f6ldet m\u0171velj\u00e9k meg, termelj\u00e9k meg maguknak a z\u00f6lds\u00e9geket.<\/strong><\/p>\n<p><strong>Azok a r\u00e1szorul\u00f3k\u00a0vehetnek r\u00e9szt, akik egy\u00fcttm\u0171k\u00f6d\u00e9s keret\u00e9ben v\u00e1llalj\u00e1k a program v\u00e9grehajt\u00e1s\u00e1t.<\/strong><\/p>\n<h3><strong>A r\u00e9szv\u00e9tel felt\u00e9telei:<\/strong><\/h3>\n<ul>\n<li><strong>r\u00e1szorults\u00e1g<\/strong><\/li>\n<li><strong>m\u0171velhet\u0151 f\u00f6ldter\u00fclet<\/strong><\/li>\n<li><strong>a term\u0151f\u00f6ld, vet\u0151\u00e1gy\u00e1s el\u0151k\u00e9sz\u00edt\u00e9se<\/strong><\/li>\n<\/ul>\n<\/div>\n<div class=\"fusion-text\">\n<h3 data-fontsize=\"24\" data-lineheight=\"40\"><span style=\"color: #ff0000;\">\u00d6NGONDOSKOD\u00d3 SZ\u00c9P OTTHONOK<\/span><\/h3>\n<\/div>\n<div class=\"fusion-text\">\n<p><strong>A c\u00e9l<\/strong><\/p>\n<ul>\n<li><strong>bevonni a r\u00e1szorul\u00f3kat\u00a0a saj\u00e1t lak\u00f3k\u00f6rnyezet\u00fck jav\u00edt\u00e1s\u00e1ba<\/strong><\/li>\n<li><strong>motiv\u00e1lni \u0151ket\u00a0a program c\u00e9ljainak a megval\u00f3s\u00edt\u00e1s\u00e1val<\/strong><\/li>\n<li><strong>seg\u00edts\u00e9get ny\u00fajtva\u00a0t\u00e1mogatni a r\u00e1szorul\u00f3t.<\/strong><\/li>\n<\/ul>\n<\/div>\n<\/div><\/div><\/div><\/div><\/div><div class=\"fusion-fullwidth fullwidth-box fusion-builder-row-3 fusion-flex-container fusion-parallax-none nonhundred-percent-fullwidth non-hundred-percent-height-scrolling\" style=\"--awb-border-sizes-top:0px;--awb-border-sizes-bottom:0px;--awb-border-sizes-left:0px;--awb-border-sizes-right:0px;--awb-border-radius-top-left:0px;--awb-border-radius-top-right:0px;--awb-border-radius-bottom-right:0px;--awb-border-radius-bottom-left:0px;--awb-padding-top:150px;--awb-padding-bottom:150px;--awb-background-image:url(&quot;https:\/\/karitaszeger.hu\/web\/wp-content\/uploads\/2021\/03\/segits-scaled.jpg&quot;);--awb-background-size:cover;--awb-flex-wrap:wrap;\" ><div class=\"fusion-builder-row fusion-row fusion-flex-align-items-flex-start fusion-flex-content-wrap\" style=\"max-width:calc( 1170px + 0px );margin-left: calc(-0px \/ 2 );margin-right: calc(-0px \/ 2 );\"><div class=\"fusion-layout-column fusion_builder_column fusion-builder-column-4 fusion_builder_column_1_1 1_1 fusion-flex-column\" style=\"--awb-padding-right:11%;--awb-padding-left:11%;--awb-bg-size:cover;--awb-width-large:100%;--awb-margin-top-large:0px;--awb-spacing-right-large:0px;--awb-margin-bottom-large:20px;--awb-spacing-left-large:0px;--awb-width-medium:100%;--awb-spacing-right-medium:0px;--awb-spacing-left-medium:0px;--awb-width-small:100%;--awb-spacing-right-small:0px;--awb-spacing-left-small:0px;\"><div class=\"fusion-column-wrapper fusion-flex-justify-content-flex-start fusion-content-layout-column\"><div class=\"fusion-title title fusion-title-1 fusion-sep-none fusion-title-center fusion-title-text fusion-title-size-two\" style=\"--awb-text-color:#ffffff;\"><h2 class=\"fusion-title-heading title-heading-center\" style=\"margin:0;line-height:1;\"><h2 class=\"piros kozepre\"><span style=\"color: #ffffff;\">AZ \u00d6N SEG\u00cdTS\u00c9G\u00c9RE\u00a0IS SZ\u00dcKS\u00c9G VAN!<\/span><\/h2>\n<div class=\"content\"><\/div><\/h2><\/div><div class=\"fusion-separator\" style=\"align-self: center;margin-left: auto;margin-right: auto;margin-top:0px;margin-bottom:40px;width:100%;max-width:200px;\"><div class=\"fusion-separator-border sep-single sep-solid\" style=\"--awb-height:20px;--awb-amount:20px;--awb-sep-color:#f44336;border-color:#f44336;border-top-width:3px;\"><\/div><\/div><div class=\"fusion-text fusion-text-4\"><h2 style=\"text-align: center;\"><span style=\"color: #ffffff;\"><strong>1356 \u2013 H\u00cdVJON, HOGY SEG\u00cdTHESS\u00dcNK!<\/strong><\/span><\/h2>\n<\/div><div class=\"fusion-builder-row fusion-builder-row-inner fusion-row fusion-flex-align-items-flex-start fusion-flex-content-wrap\" style=\"width:calc( 100% + 0px ) !important;max-width:calc( 100% + 0px ) !important;margin-left: calc(-0px \/ 2 );margin-right: calc(-0px \/ 2 );\"><div class=\"fusion-layout-column fusion_builder_column_inner fusion-builder-nested-column-0 fusion_builder_column_inner_1_3 1_3 fusion-flex-column\" style=\"--awb-bg-size:cover;--awb-width-large:33.333333333333%;--awb-margin-top-large:0px;--awb-spacing-right-large:0px;--awb-margin-bottom-large:20px;--awb-spacing-left-large:0px;--awb-width-medium:100%;--awb-order-medium:0;--awb-spacing-right-medium:0px;--awb-spacing-left-medium:0px;--awb-width-small:100%;--awb-order-small:0;--awb-spacing-right-small:0px;--awb-spacing-left-small:0px;\"><div class=\"fusion-column-wrapper fusion-column-has-shadow fusion-flex-justify-content-flex-start fusion-content-layout-column\"><\/div><\/div><div class=\"fusion-layout-column fusion_builder_column_inner fusion-builder-nested-column-1 fusion_builder_column_inner_1_3 1_3 fusion-flex-column fusion-animated\" style=\"--awb-bg-color:#f44336;--awb-bg-color-hover:#f44336;--awb-bg-size:cover;--awb-width-large:33.333333333333%;--awb-margin-top-large:0px;--awb-spacing-right-large:0px;--awb-margin-bottom-large:20px;--awb-spacing-left-large:0px;--awb-width-medium:100%;--awb-order-medium:0;--awb-spacing-right-medium:0px;--awb-spacing-left-medium:0px;--awb-width-small:100%;--awb-order-small:0;--awb-spacing-right-small:0px;--awb-spacing-left-small:0px;\" data-animationType=\"bounceInDown\" data-animationDuration=\"1.3\" data-animationOffset=\"top-into-view\"><div class=\"fusion-column-wrapper fusion-column-has-shadow fusion-flex-justify-content-flex-start fusion-content-layout-column\"><div style=\"text-align:center;\"><a class=\"fusion-button button-flat fusion-button-default-size button-custom fusion-button-default button-1 fusion-button-default-span fusion-button-default-type fusion-has-button-gradient\" style=\"--button_accent_color:#ffffff;--button_accent_hover_color:#f44336;--button_border_hover_color:#f44336;--button_border_width-top:0;--button_border_width-right:0;--button_border_width-bottom:0;--button_border_width-left:0;--button_gradient_top_color:rgba(254,201,107,0);--button_gradient_bottom_color:rgba(254,201,107,0);--button_gradient_top_color_hover:#ffffff;--button_gradient_bottom_color_hover:rgba(0,0,0,0);\" target=\"_self\" href=\"https:\/\/karitaszeger.hu\/web\/segits\/\"><i class=\"fa-credit-card fas awb-button__icon awb-button__icon--default button-icon-left\" aria-hidden=\"true\"><\/i><span class=\"fusion-button-text awb-button__text awb-button__text--default\">ONLINE ADOM\u00c1NYOZ\u00c1S<\/span><\/a><\/div><\/div><\/div><div class=\"fusion-layout-column fusion_builder_column_inner fusion-builder-nested-column-2 fusion_builder_column_inner_1_3 1_3 fusion-flex-column\" style=\"--awb-bg-size:cover;--awb-width-large:33.333333333333%;--awb-margin-top-large:0px;--awb-spacing-right-large:0px;--awb-margin-bottom-large:20px;--awb-spacing-left-large:0px;--awb-width-medium:100%;--awb-order-medium:0;--awb-spacing-right-medium:0px;--awb-spacing-left-medium:0px;--awb-width-small:100%;--awb-order-small:0;--awb-spacing-right-small:0px;--awb-spacing-left-small:0px;\"><div class=\"fusion-column-wrapper fusion-column-has-shadow fusion-flex-justify-content-flex-start fusion-content-layout-column\"><\/div><\/div><\/div><\/div><\/div><\/div><\/div><\/p>\n","protected":false},"excerpt":{"rendered":"","protected":false},"author":3,"featured_media":0,"parent":0,"menu_order":0,"comment_status":"closed","ping_status":"closed","template":"100-width.php","meta":{"footnotes":""},"class_list":["post-2203","page","type-page","status-publish","hentry"],"_links":{"self":[{"href":"https:\/\/karitaszeger.hu\/web\/wp-json\/wp\/v2\/pages\/2203","targetHints":{"allow":["GET"]}}],"collection":[{"href":"https:\/\/karitaszeger.hu\/web\/wp-json\/wp\/v2\/pages"}],"about":[{"href":"https:\/\/karitaszeger.hu\/web\/wp-json\/wp\/v2\/types\/page"}],"author":[{"embeddable":true,"href":"https:\/\/karitaszeger.hu\/web\/wp-json\/wp\/v2\/users\/3"}],"replies":[{"embeddable":true,"href":"https:\/\/karitaszeger.hu\/web\/wp-json\/wp\/v2\/comments?post=2203"}],"version-history":[{"count":51,"href":"https:\/\/karitaszeger.hu\/web\/wp-json\/wp\/v2\/pages\/2203\/revisions"}],"predecessor-version":[{"id":3871,"href":"https:\/\/karitaszeger.hu\/web\/wp-json\/wp\/v2\/pages\/2203\/revisions\/3871"}],"wp:attachment":[{"href":"https:\/\/karitaszeger.hu\/web\/wp-json\/wp\/v2\/media?parent=2203"}],"curies":[{"name":"wp","href":"https:\/\/api.w.org\/{rel}","templated":true}]}}