{"id":2635,"date":"2021-02-10T09:20:36","date_gmt":"2021-02-10T09:20:36","guid":{"rendered":"https:\/\/karitaszeger.hu\/web\/?page_id=2635"},"modified":"2021-03-02T09:05:14","modified_gmt":"2021-03-02T09:05:14","slug":"adatkezelesi-tajekoztato","status":"publish","type":"page","link":"https:\/\/karitaszeger.hu\/web\/adatkezelesi-tajekoztato\/","title":{"rendered":"ADATKEZEL\u00c9SI T\u00c1J\u00c9KOZTAT\u00d3"},"content":{"rendered":"<p><div class=\"fusion-fullwidth fullwidth-box fusion-builder-row-1 fusion-flex-container nonhundred-percent-fullwidth non-hundred-percent-height-scrolling\" style=\"--awb-background-position:left top;--awb-border-sizes-top:0px;--awb-border-sizes-bottom:0px;--awb-border-sizes-left:0px;--awb-border-sizes-right:0px;--awb-border-radius-top-left:0px;--awb-border-radius-top-right:0px;--awb-border-radius-bottom-right:0px;--awb-border-radius-bottom-left:0px;--awb-padding-top:110px;--awb-padding-bottom:10px;--awb-flex-wrap:wrap;\" ><div class=\"fusion-builder-row fusion-row fusion-flex-align-items-flex-start fusion-flex-content-wrap\" style=\"max-width:1216.8px;margin-left: calc(-4% \/ 2 );margin-right: calc(-4% \/ 2 );\"><div class=\"fusion-layout-column fusion_builder_column fusion-builder-column-0 fusion_builder_column_1_1 1_1 fusion-flex-column\" style=\"--awb-bg-size:cover;--awb-width-large:100%;--awb-margin-top-large:0px;--awb-spacing-right-large:1.92%;--awb-margin-bottom-large:20px;--awb-spacing-left-large:1.92%;--awb-width-medium:100%;--awb-spacing-right-medium:1.92%;--awb-spacing-left-medium:1.92%;--awb-width-small:100%;--awb-spacing-right-small:1.92%;--awb-spacing-left-small:1.92%;\"><div class=\"fusion-column-wrapper fusion-flex-justify-content-flex-start fusion-content-layout-column\"><div class=\"fusion-text fusion-text-1\"><p>A\u00a0<strong>Katolikus Karit\u00e1sz<\/strong>\u00a0(sz\u00e9khely: 1111. Budapest, Bart\u00f3k B\u00e9la \u00fat 30.; ad\u00f3sz\u00e1m: 19661029-2-43; telefon: 061-372-0910; .fax: 061-3720914.; email: office@caritas.org.hu; \u201eKatolikus Karit\u00e1sz\u201d)\u00a0<strong>2018. m\u00e1jus 25. napj\u00e1t\u00f3l kezd\u0151d\u0151en<\/strong>\u00a0a jelen adatkezel\u00e9si t\u00e1j\u00e9koztat\u00f3ban foglalt rendelkez\u00e9sek szerint kezeli az \u00d6n adatait, amelyet \u00d6n a Szervezet munkat\u00e1rsai \u00e1ltal haszn\u00e1lt e-mail c\u00edmre k\u00fcld\u00f6tt meg, vagy postai \u00faton a Katolikus Karit\u00e1sz r\u00e9sz\u00e9re a 1519. Bp. Pf.239 c\u00edmre k\u00fcld\u00f6tt lev\u00e9lben juttatott el, vagy szem\u00e9lyesen adott \u00e1t az Katolikus Karit\u00e1sz r\u00e9sz\u00e9re.<\/p>\n<p><strong>1. Az adatkezel\u0151 \u00e9s az adatkezel\u00e9sre jogosult szem\u00e9lyek, adatv\u00e9delmi tisztvisel\u0151<\/strong><\/p>\n<p>A k\u00e9relem, esetle\u00edr\u00e1s, t\u00e1j\u00e9koztat\u00e1s, besz\u00e1mol\u00f3 elk\u00fcld\u00e9se sor\u00e1n megadott szem\u00e9lyes adatok kezel\u00e9s\u00e9re a Katolikus Karit\u00e1sz (sz\u00e9khely: 1111. Budapest, Bart\u00f3k B\u00e9la \u00fat 30.; ad\u00f3sz\u00e1m: 19661029-1-43; telefon: 061-372-0910; fax: 061-3720914.; email: office@caritas.org.hu jogosult.<br \/>\nA Katolikus Karit\u00e1szn\u00e1l az \u00d6n \u00e1ltal megadott szem\u00e9lyes adatokhoz a k\u00f6vetkez\u0151 poz\u00edci\u00f3t bet\u00f6lt\u0151 szem\u00e9lyek jogosultak hozz\u00e1f\u00e9rni: az Katolikus Karit\u00e1sz vezet\u0151i \u00e9s adott programban dolgoz\u00f3 munkat\u00e1rsak.<\/p>\n<p><em>A Katolikus Karit\u00e1sz adatv\u00e9delmi tisztvisel\u0151t nem nevezett ki. A Katolikus Karit\u00e1sz adatv\u00e9delmi feladat ell\u00e1t\u00e1s\u00e1\u00e9rt felel\u0151s munkat\u00e1rsa, aki a k\u00f6vetkez\u0151 e-mail c\u00edmen \u00e9s telefonsz\u00e1mon \u00e9rhet\u0151 el: adatkezeles@caritas.org.hu, 061-372-0910.<\/em><\/p>\n<p><strong>2. Az adatkezel\u00e9s c\u00e9lja \u00e9s jogalapja<\/strong><\/p>\n<p>A Katolikus Karit\u00e1sz a k\u00e9relem, esetle\u00edr\u00e1s, t\u00e1j\u00e9koztat\u00e1s, besz\u00e1mol\u00f3 megk\u00fcld\u00e9se sor\u00e1n megadott szem\u00e9lyes adatokat a v\u00e1lasz megk\u00fcld\u00e9se, kapcsolattart\u00e1s, seg\u00edts\u00e9gny\u00fajt\u00e1s, \u00fcgyint\u00e9z\u00e9s, t\u00e1j\u00e9koztat\u00e1s k\u00e9r\u00e9s \u00e9s ny\u00fajt\u00e1s, a szerz\u0151d\u00e9sek teljes\u00edt\u00e9s\u00e9hez sz\u00fcks\u00e9ges nyilv\u00e1ntart\u00e1sok vezet\u00e9se, hivatalos megkeres\u00e9s eset\u00e9n adatszolg\u00e1ltat\u00e1s elk\u00e9sz\u00edt\u00e9se v\u00e9gett kezeli.<\/p>\n<p>Az adatkezel\u00e9s jogalapja az \u00d6n hozz\u00e1j\u00e1rul\u00e1sa, amelyet az adatai, k\u00e9relme elektronikus vagy postai \u00faton t\u00f6rt\u00e9n\u0151 megk\u00fcld\u00e9s\u00e9vel vagy szem\u00e9lyes \u00e1tad\u00e1s\u00e1val ad meg.<br \/>\nAz adatkezel\u00e9sre vonatkoz\u00f3 t\u00e1j\u00e9koztat\u00f3 az online fel\u00fcleten (www.karitasz.hu) el\u00e9rhet\u0151 linken kereszt\u00fcl \u00e9rhet\u0151 el, pap\u00edralap\u00fa t\u00e1j\u00e9koztat\u00f3 pedig az Katolikus Karit\u00e1sz \u00e1ltal megjel\u00f6lt c\u00edm alatt k\u00e9rhet\u0151.<\/p>\n<p><strong>3. Szem\u00e9lyes adatok c\u00edmzettjei<\/strong><\/p>\n<p>A megadott szem\u00e9lyes adatokat a Katolikus Karit\u00e1sz tov\u00e1bbi szem\u00e9ly r\u00e9sz\u00e9re nem adja \u00e1t vagy tov\u00e1bb\u00edtja, erre kiz\u00e1r\u00f3lag a szerz\u0151d\u00e9sek teljes\u00edt\u00e9s\u00e9hez sz\u00fcks\u00e9ges m\u00e9rt\u00e9kben ker\u00fcl sor, a Hat\u00f3s\u00e1gok egyedi k\u00e9r\u00e9s\u00e9re, az Adatkezel\u0151 \u00e1ltal v\u00e1llalt szolg\u00e1ltat\u00e1sok \u00e9s a jogszab\u00e1lyokb\u00f3l fakad\u00f3 k\u00f6telezetts\u00e9gek teljes\u00edt\u00e9se v\u00e9gett.<\/p>\n<p><strong>4. Az adatkezel\u00e9s id\u0151tartama<\/strong><\/p>\n<p>A Katolikus Karit\u00e1sz az \u00d6n \u00e1ltal a megadott szem\u00e9lyes adatokat, k\u00e9relem, nyilatkozat egy\u00e9b dokument\u00e1ci\u00f3 megk\u00fcld\u00e9s\u00e9t\u0151l kezd\u0151d\u0151en kezeli.<\/p>\n<p>A Katolikus Karit\u00e1sz az \u00d6n adatait addig kezeli, am\u00edg a hat\u00e1lyos jogszab\u00e1lyok alapj\u00e1n ez sz\u00fcks\u00e9ges, de max. 10 \u00e9vig. A Katolikus Karit\u00e1sz az \u00d6n \u00e1ltal megk\u00fcld\u00f6tt adatait, illetve az abban szerepl\u0151 szem\u00e9lyes adatokat erre ir\u00e1nyul\u00f3 k\u00e9r\u00e9s eset\u00e9n 3 munkanapon bel\u00fcl t\u00f6rli, a 6.3. pontban megjel\u00f6lt felt\u00e9telek szerint. A dokument\u00e1ci\u00f3ban szerepl\u0151 szem\u00e9lyes adatok t\u00f6rl\u00e9s\u00e9re vonatkoz\u00f3 k\u00e9relmet elektronikus \u00faton az adatkezeles@caritas.org.hu e-mail c\u00edmre k\u00fcld\u00f6tt e-mailben vagy postai \u00faton az Katolikus Karit\u00e1sz r\u00e9sz\u00e9re a 1519 Bp. Pf. 239. k\u00fcld\u00f6tt lev\u00e9lben k\u00e9rheti.<\/p>\n<p><strong>5. Az adatkezel\u00e9si t\u00e1j\u00e9koztat\u00f3 m\u00f3dos\u00edt\u00e1sa<\/strong><\/p>\n<p>5.1 Az Katolikus Karit\u00e1sz a jelen adatkezel\u00e9si t\u00e1j\u00e9koztat\u00f3t b\u00e1rmikor m\u00f3dos\u00edthatja. A m\u00f3dos\u00edtott adatkezel\u00e9si t\u00e1j\u00e9koztat\u00f3t akkor kell alkalmazni, amikor azt a Katolikus Karit\u00e1sz a honlapj\u00e1n nyilv\u00e1noss\u00e1gra hozza.<\/p>\n<p>5.2 Az Katolikus Karit\u00e1sz az adatkezel\u00e9si t\u00e1j\u00e9koztat\u00f3 m\u00f3dos\u00edt\u00e1s\u00e1r\u00f3l \u00d6nt k\u00fcl\u00f6n nem \u00e9rtes\u00edti, ezt kiz\u00e1r\u00f3lag a Szervezet honlapj\u00e1n teszi k\u00f6zz\u00e9.<\/p>\n<p>5.3 Ha \u00d6n a m\u00f3dos\u00edtott adatkezel\u00e9si t\u00e1j\u00e9koztat\u00f3 tartalm\u00e1val nem \u00e9rt egyet, akkor ezt elektronikus \u00faton az adatkezeles@caritas.org.hu e-mail c\u00edmre k\u00fcld\u00f6tt e-mailben vagy postai \u00faton a Katolikus Karit\u00e1sz r\u00e9sz\u00e9re a 1519 Bp. Pf. 239. c\u00edmre k\u00fcld\u00f6tt lev\u00e9lben teheti meg.<\/p>\n<p><strong>6. Az \u00d6n adatkezel\u00e9ssel kapcsolatos jogai<\/strong><\/p>\n<p><strong>6.1 Hozz\u00e1f\u00e9r\u00e9shez val\u00f3 jog<\/strong><br \/>\n\u00d6nnek joga van arra, hogy visszajelz\u00e9st kapjon a Katolikus Karit\u00e1szt\u00f3l arra vonatkoz\u00f3an, hogy a Katolikus Karit\u00e1sz kezeli-e az \u00d6n szem\u00e9lyes adatait.<\/p>\n<p>Ha a Katolikus Karit\u00e1sz kezeli az \u00d6n szem\u00e9lyes adatait, akkor \u00d6n jogosult a k\u00f6vetkez\u0151 inform\u00e1ci\u00f3khoz hozz\u00e1f\u00e9rni: (i) az adatkezel\u00e9s c\u00e9lja; (ii) az \u00e9rintett szem\u00e9lyes adatok kateg\u00f3ri\u00e1i; (iii) a kezelt szem\u00e9lyes adatok c\u00edmzettjei vagy j\u00f6v\u0151beli c\u00edmzettjei; (iv) a szem\u00e9lyes adatok t\u00e1rol\u00e1s\u00e1nak tervezett id\u0151tartama vagy az id\u0151tartam meghat\u00e1roz\u00e1s\u00e1nak szempontjai; (v) az \u00d6n szem\u00e9lyes adatok helyesb\u00edt\u00e9s\u00e9hez, t\u00f6rl\u00e9s\u00e9hez vagy kezel\u00e9s\u00e9nek korl\u00e1toz\u00e1s\u00e1hoz val\u00f3 joga, valamint az \u00d6n szem\u00e9lyes adatok kezel\u00e9se elleni tiltakoz\u00e1shoz val\u00f3 joga; (vi) a Nemzeti Adatv\u00e9delmi \u00e9s Inform\u00e1ci\u00f3szabads\u00e1g Hat\u00f3s\u00e1ghoz c\u00edmzett panasz beny\u00fajt\u00e1s\u00e1nak joga; (vii) a szem\u00e9lyes adatok forr\u00e1s\u00e1ra vonatkoz\u00f3 inform\u00e1ci\u00f3, ha a szem\u00e9lyes adatokat nem k\u00f6zvetlen\u00fcl \u00d6nt\u0151l gy\u0171jt\u00f6tt\u00e9k; illetve (viii) az automatiz\u00e1lt d\u00f6nt\u00e9shozatal t\u00e9nye, legal\u00e1bb az alkalmazott logik\u00e1ra \u00e9s arra vonatkoz\u00f3 \u00e9rthet\u0151 inform\u00e1ci\u00f3k, hogy a szem\u00e9lyes adatok kezel\u00e9se milyen jelent\u0151s\u00e9ggel b\u00edr \u00e9s \u00d6nre n\u00e9zve milyen v\u00e1rhat\u00f3 k\u00f6vetkezm\u00e9nyekkel j\u00e1r.<\/p>\n<p>A Katolikus Karit\u00e1sz a kezelt szem\u00e9lyes adatai m\u00e1solat\u00e1t az \u00d6n rendelkez\u00e9s\u00e9re bocs\u00e1tja.<\/p>\n<p><strong>6.2 Helyesb\u00edt\u00e9shez val\u00f3 jog<\/strong><br \/>\n\u00d6n jogosult a Katolikus Karit\u00e1szt\u00f3l k\u00e9rni, hogy indokolatlan k\u00e9sedelem n\u00e9lk\u00fcl helyesb\u00edtse az \u00d6n pontatlan szem\u00e9lyes adatait vagy eg\u00e9sz\u00edtse ki az \u00d6n hi\u00e1nyos szem\u00e9lyes adatait.<\/p>\n<p><strong>6.3 T\u00f6rl\u00e9shez val\u00f3 jog<\/strong><br \/>\nA Katolikus Karit\u00e1sz az \u00d6n k\u00e9r\u00e9s\u00e9re indokolatlan k\u00e9sedelem n\u00e9lk\u00fcl t\u00f6rli az \u00d6n szem\u00e9lyes adatait.<br \/>\nA Katolikus Karit\u00e1sz indokolatlan k\u00e9sedelem n\u00e9lk\u00fcl t\u00f6rli az \u00d6n szem\u00e9lyes adatait, ha (i) a Katolikus Karit\u00e1sznak nincs sz\u00fcks\u00e9ge a szem\u00e9lyes adatokra abb\u00f3l a c\u00e9lb\u00f3l, amely c\u00e9lb\u00f3l gy\u0171jt\u00f6tte vagy kezelte, (ii) \u00d6n a hozz\u00e1j\u00e1rul\u00e1s\u00e1t visszavonta \u00e9s az adatkezel\u00e9snek nincs m\u00e1s jogalapja, (iii) a Katolikus Karit\u00e1sz szem\u00e9lyes adatait jogellenesen kezelte, (iv) a Katolikus Karit\u00e1sz jogi k\u00f6telezetts\u00e9ge teljes\u00edt\u00e9s\u00e9hez k\u00f6teles a szem\u00e9lyes adatokat t\u00f6r\u00f6lni.<br \/>\nHa a Katolikus Karit\u00e1sz nyilv\u00e1noss\u00e1gra hozta a szem\u00e9lyes adatokat \u00e9s azt t\u00f6r\u00f6lni k\u00f6teles, akkor megtesz minden t\u0151le elv\u00e1rhat\u00f3t annak \u00e9rdek\u00e9ben, hogy t\u00e1j\u00e9koztassa a szem\u00e9lyes adatot kezel\u0151ket, hogy \u00d6n k\u00e9relmezte t\u0151l\u00fck az adott szem\u00e9lyes adatokra mutat\u00f3 linkek vagy a szem\u00e9lyes adatok m\u00e1solat\u00e1nak, illetve m\u00e1sodp\u00e9ld\u00e1ny\u00e1nak t\u00f6rl\u00e9s\u00e9t.<\/p>\n<p>A Katolikus Karit\u00e1sz a szem\u00e9lyes adatokat nem t\u00f6rli, ha az adatkezel\u00e9s (i) a v\u00e9lem\u00e9nynyilv\u00e1n\u00edt\u00e1s szabads\u00e1g\u00e1hoz \u00e9s a t\u00e1j\u00e9koz\u00f3d\u00e1shoz val\u00f3 jog gyakorl\u00e1sa c\u00e9lj\u00e1b\u00f3l, (ii) a szem\u00e9lyes adatok kezel\u00e9s\u00e9t el\u0151\u00edr\u00f3, a Katolikus Karit\u00e1szra alkalmazand\u00f3 jogi k\u00f6telezetts\u00e9g teljes\u00edt\u00e9se, illetve k\u00f6z\u00e9rdekb\u0151l vagy a Katolikus Karit\u00e1szra ruh\u00e1zott k\u00f6zhatalmi jogos\u00edtv\u00e1ny gyakorl\u00e1sa keret\u00e9ben v\u00e9gzett feladat v\u00e9grehajt\u00e1sa c\u00e9lj\u00e1b\u00f3l, (iii) a n\u00e9peg\u00e9szs\u00e9g\u00fcgy ter\u00fclet\u00e9t \u00e9rint\u0151 k\u00f6z\u00e9rdek alapj\u00e1n, (iv) k\u00f6z\u00e9rdek\u0171 archiv\u00e1l\u00e1s c\u00e9lj\u00e1b\u00f3l, tudom\u00e1nyos \u00e9s t\u00f6rt\u00e9nelmi kutat\u00e1si c\u00e9lb\u00f3l vagy statisztikai c\u00e9lb\u00f3l (amennyiben a t\u00f6rl\u00e9shez val\u00f3 jog val\u00f3sz\u00edn\u0171s\u00edthet\u0151en lehetetlenn\u00e9 tenn\u00e9 vagy komolyan vesz\u00e9lyeztetn\u00e9 ezt az adatkezel\u00e9st), illet\u0151leg (v) jogi ig\u00e9nyek el\u0151terjeszt\u00e9s\u00e9hez, \u00e9rv\u00e9nyes\u00edt\u00e9s\u00e9hez, illetve v\u00e9delm\u00e9hez sz\u00fcks\u00e9ges.<\/p>\n<p><strong>6.4 Adatkezel\u00e9s korl\u00e1toz\u00e1s\u00e1hoz val\u00f3 jog<\/strong><br \/>\n\u00d6n k\u00e9rheti a Katolikus Karit\u00e1szt, hogy korl\u00e1tozza az adatkezel\u00e9st. Az adatkezel\u00e9s korl\u00e1toz\u00e1sa eset\u00e9n a Katolikus Karit\u00e1sz a szem\u00e9lyes adatok t\u00e1rol\u00e1sa kiv\u00e9tel\u00e9vel csak az \u00d6n hozz\u00e1j\u00e1rul\u00e1s\u00e1val vagy jogi ig\u00e9nyek el\u0151terjeszt\u00e9s\u00e9hez, \u00e9rv\u00e9nyes\u00edt\u00e9s\u00e9hez vagy v\u00e9delm\u00e9hez vagy m\u00e1s szem\u00e9ly jogainak v\u00e9delme \u00e9rdek\u00e9ben vagy az Eur\u00f3pai Uni\u00f3, illetve valamely tag\u00e1llam fontos k\u00f6z\u00e9rdek\u00e9b\u0151l kezelheti.<\/p>\n<p>\u00d6n a szem\u00e9lyes adatok kezel\u00e9s\u00e9nek korl\u00e1toz\u00e1s\u00e1t k\u00e9rheti, ha (i) \u00d6n vitatja a szem\u00e9lyes adatok pontoss\u00e1g\u00e1t, (ii) az adatkezel\u00e9s jogellenes, \u00d6n a szem\u00e9lyes adatok t\u00f6rl\u00e9s\u00e9t ellenzi, (iii) az Katolikus Karit\u00e1sznak a szem\u00e9lyes adatokra adatkezel\u00e9s c\u00e9lj\u00e1b\u00f3l nincs sz\u00fcks\u00e9ge, azonban \u00d6n jogi ig\u00e9nyek el\u0151terjeszt\u00e9s\u00e9hez, \u00e9rv\u00e9nyes\u00edt\u00e9s\u00e9hez vagy v\u00e9delm\u00e9hez a szem\u00e9lyes adatok korl\u00e1toz\u00e1s\u00e1t ig\u00e9nyli.<\/p>\n<p>A Katolikus Karit\u00e1sz az adatkezel\u00e9s korl\u00e1toz\u00e1s\u00e1nak felold\u00e1s\u00e1r\u00f3l t\u00e1j\u00e9koztatja \u00d6nt a felold\u00e1st megel\u0151z\u0151en.<\/p>\n<p><strong>7. Bankk\u00e1rty\u00e1s fizet\u00e9s<\/strong><\/p>\n<p>Az online bankk\u00e1rty\u00e1s fizet\u00e9sek a Barion rendszer\u00e9n kereszt\u00fcl val\u00f3sulnak meg. A bankk\u00e1rtya adatok a keresked\u0151h\u00f6z nem jutnak el. A szolg\u00e1ltat\u00e1st ny\u00fajt\u00f3 Barion Payment Zrt. a Magyar Nemzeti Bank fel\u00fcgyelete alatt \u00e1ll\u00f3 int\u00e9zm\u00e9ny, enged\u00e9ly\u00e9nek sz\u00e1ma: H-EN-I-1064\/2013<\/p>\n<p><strong>BARION ADATV\u00c9DELMI T\u00c1J\u00c9KOZTAT\u00d3 ITT: <a href=\"https:\/\/secure.barion.com\/Contract\/GetDocument?key=akt&amp;lang=hu_HU\"><img decoding=\"async\" class=\"size-full wp-image-2786 alignnone\" src=\"https:\/\/karitaszeger.hu\/web\/wp-content\/uploads\/2021\/03\/barionx.png\" alt=\"\" width=\"238\" height=\"109\" srcset=\"https:\/\/karitaszeger.hu\/web\/wp-content\/uploads\/2021\/03\/barionx-200x92.png 200w, https:\/\/karitaszeger.hu\/web\/wp-content\/uploads\/2021\/03\/barionx.png 238w\" sizes=\"(max-width: 238px) 100vw, 238px\" \/><\/a><\/strong><\/p>\n<p><strong>8. Jogs\u00e9rt\u00e9s eset\u00e9n tehet\u0151 l\u00e9p\u00e9sek<\/strong><\/p>\n<p>8.1 Ha \u00fagy gondolja, hogy az Katolikus Karit\u00e1sz megs\u00e9rtette a jogait a szem\u00e9lyes adatok kezel\u00e9se sor\u00e1n, akkor l\u00e9pjen vel\u00fcnk kapcsolatba a k\u00f6vetkez\u0151 e-mail c\u00edmen: adatkezeles@caritas.org.hu.<\/p>\n<p>8.2 A szem\u00e9lyes adataira vonatkoz\u00f3 jogainak megs\u00e9rt\u00e9se eset\u00e9n panaszt ny\u00fajthat be a hat\u00f3s\u00e1ghoz az al\u00e1bbi el\u00e9rhet\u0151s\u00e9gen:<\/p>\n<p>Nemzeti Adatv\u00e9delmi \u00e9s Inform\u00e1ci\u00f3szabads\u00e1g Hat\u00f3s\u00e1g<br \/>\nLevelez\u00e9si c\u00edm: 1530 Budapest, Pf.: 5.<br \/>\nC\u00edm: 1125 Budapest, Szil\u00e1gyi Erzs\u00e9bet fasor 22\/c<br \/>\nTelefon: +36 (1) 391-1400<br \/>\nFax: +36 (1) 391-1410<br \/>\nE-mail c\u00edm: ugyfelszolgalat@naih.hu.<\/p>\n<p>8.3 Szem\u00e9lyes adatai kezel\u00e9se sor\u00e1n t\u00f6rt\u00e9n\u0151 jogs\u00e9rt\u00e9s eset\u00e9n b\u00edr\u00f3s\u00e1ghoz is fordulhat.<\/p>\n<p><strong><a class=\"link\" href=\"https:\/\/karitasz.hu\/uploads\/content\/1285\/fajlok\/kk_uzenetkuldes_gdpr.pdf\" target=\"_blank\" rel=\"noopener\"><img decoding=\"async\" src=\"https:\/\/karitasz.hu\/design\/img\/pdf.png\" alt=\"\" align=\"absmiddle\" border=\"0\" \/>\u00a0\u00dczenetk\u00fcld\u00e9sre vonatkoz\u00f3 adatkezel\u00e9si szab\u00e1lyzat<\/a>\u00a0(107 kB)<\/strong><\/p>\n<p><strong><a class=\"link\" href=\"https:\/\/karitasz.hu\/uploads\/content\/1285\/fajlok\/kk_oneletrajztajekoztato_allashirdeteshez_gdpr.pdf\" target=\"_blank\" rel=\"noopener\"><img decoding=\"async\" src=\"https:\/\/karitasz.hu\/design\/img\/pdf.png\" alt=\"\" align=\"absmiddle\" border=\"0\" \/>\u00a0\u00d6n\u00e9letrajzok kezel\u00e9s\u00e9re vonatkoz\u00f3 adatkezel\u00e9si t\u00e1j\u00e9koztat\u00f3<\/a>\u00a0(112 kB)<\/strong><\/p>\n<p><strong><a class=\"link\" href=\"https:\/\/karitasz.hu\/uploads\/content\/1285\/fajlok\/kk_fenykep_videofelvetel_gdpr.pdf\" target=\"_blank\" rel=\"noopener\"><img decoding=\"async\" src=\"https:\/\/karitasz.hu\/design\/img\/pdf.png\" alt=\"\" align=\"absmiddle\" border=\"0\" \/>\u00a0F\u00e9nyk\u00e9p \u00e9s videofelv\u00e9tel k\u00e9sz\u00edt\u00e9s\u00e9re vonatkoz\u00f3 adatkezel\u00e9si t\u00e1j\u00e9koztat\u00f3\u00a0<\/a>(77 kB)<\/strong><\/p>\n<\/div><\/div><\/div><\/div><\/div><div class=\"fusion-fullwidth fullwidth-box fusion-builder-row-2 fusion-flex-container fusion-parallax-none nonhundred-percent-fullwidth non-hundred-percent-height-scrolling\" style=\"--awb-border-sizes-top:0px;--awb-border-sizes-bottom:0px;--awb-border-sizes-left:0px;--awb-border-sizes-right:0px;--awb-border-radius-top-left:0px;--awb-border-radius-top-right:0px;--awb-border-radius-bottom-right:0px;--awb-border-radius-bottom-left:0px;--awb-padding-top:150px;--awb-padding-bottom:150px;--awb-background-image:url(&quot;https:\/\/karitaszeger.hu\/web\/wp-content\/uploads\/2016\/08\/home-footer.jpg&quot;);--awb-background-size:cover;--awb-flex-wrap:wrap;\" ><div class=\"fusion-builder-row fusion-row fusion-flex-align-items-flex-start fusion-flex-content-wrap\" style=\"max-width:calc( 1170px + 0px );margin-left: calc(-0px \/ 2 );margin-right: calc(-0px \/ 2 );\"><div class=\"fusion-layout-column fusion_builder_column fusion-builder-column-1 fusion_builder_column_1_1 1_1 fusion-flex-column\" style=\"--awb-padding-right:11%;--awb-padding-left:11%;--awb-bg-size:cover;--awb-width-large:100%;--awb-margin-top-large:0px;--awb-spacing-right-large:0px;--awb-margin-bottom-large:20px;--awb-spacing-left-large:0px;--awb-width-medium:100%;--awb-spacing-right-medium:0px;--awb-spacing-left-medium:0px;--awb-width-small:100%;--awb-spacing-right-small:0px;--awb-spacing-left-small:0px;\"><div class=\"fusion-column-wrapper fusion-flex-justify-content-flex-start fusion-content-layout-column\"><div class=\"fusion-title title fusion-title-1 fusion-sep-none fusion-title-center fusion-title-text fusion-title-size-two\" style=\"--awb-text-color:#ffffff;--awb-margin-top-small:0px;--awb-margin-right-small:0px;--awb-margin-bottom-small:20px;--awb-margin-left-small:0px;\"><h2 class=\"fusion-title-heading title-heading-center\" style=\"margin:0;line-height:1;\"><h2 class=\"piros kozepre\"><span style=\"color: #ffffff;\">AZ \u00d6N SEG\u00cdTS\u00c9G\u00c9RE\u00a0IS SZ\u00dcKS\u00c9G VAN!<\/span><\/h2>\n<div class=\"content\"><\/div><\/h2><\/div><div class=\"fusion-separator\" style=\"align-self: center;margin-left: auto;margin-right: auto;margin-top:0px;margin-bottom:40px;width:100%;max-width:200px;\"><div class=\"fusion-separator-border sep-single sep-solid\" style=\"--awb-height:20px;--awb-amount:20px;--awb-sep-color:#f44336;border-color:#f44336;border-top-width:3px;\"><\/div><\/div><div class=\"fusion-text fusion-text-2\"><h2 style=\"text-align: center;\"><span style=\"color: #ffffff;\"><strong>1356 \u2013 H\u00cdVJON, HOGY SEG\u00cdTHESS\u00dcNK!<\/strong><\/span><\/h2>\n<\/div><div class=\"fusion-builder-row fusion-builder-row-inner fusion-row fusion-flex-align-items-flex-start fusion-flex-content-wrap\" style=\"--awb-flex-grow:0;--awb-flex-grow-medium:0;--awb-flex-grow-small:0;--awb-flex-shrink:0;--awb-flex-shrink-medium:0;--awb-flex-shrink-small:0;width:calc( 100% + 0px ) !important;max-width:calc( 100% + 0px ) !important;margin-left: calc(-0px \/ 2 );margin-right: calc(-0px \/ 2 );\"><div class=\"fusion-layout-column fusion_builder_column_inner fusion-builder-nested-column-0 fusion_builder_column_inner_1_3 1_3 fusion-flex-column\" style=\"--awb-bg-size:cover;--awb-width-large:33.333333333333%;--awb-margin-top-large:0px;--awb-spacing-right-large:0px;--awb-margin-bottom-large:20px;--awb-spacing-left-large:0px;--awb-width-medium:100%;--awb-order-medium:0;--awb-spacing-right-medium:0px;--awb-spacing-left-medium:0px;--awb-width-small:100%;--awb-order-small:0;--awb-spacing-right-small:0px;--awb-spacing-left-small:0px;\"><div class=\"fusion-column-wrapper fusion-column-has-shadow fusion-flex-justify-content-flex-start fusion-content-layout-column\"><\/div><\/div><div class=\"fusion-layout-column fusion_builder_column_inner fusion-builder-nested-column-1 fusion_builder_column_inner_1_3 1_3 fusion-flex-column fusion-animated\" style=\"--awb-bg-color:#f44336;--awb-bg-color-hover:#f44336;--awb-bg-size:cover;--awb-width-large:33.333333333333%;--awb-margin-top-large:0px;--awb-spacing-right-large:0px;--awb-margin-bottom-large:20px;--awb-spacing-left-large:0px;--awb-width-medium:100%;--awb-order-medium:0;--awb-spacing-right-medium:0px;--awb-spacing-left-medium:0px;--awb-width-small:100%;--awb-order-small:0;--awb-spacing-right-small:0px;--awb-spacing-left-small:0px;\" data-animationType=\"bounceInDown\" data-animationDuration=\"1.3\" data-animationOffset=\"top-into-view\"><div class=\"fusion-column-wrapper fusion-column-has-shadow fusion-flex-justify-content-flex-start fusion-content-layout-column\"><div style=\"text-align:center;\"><a class=\"fusion-button button-flat fusion-button-default-size button-custom fusion-button-default button-1 fusion-button-default-span fusion-button-default-type fusion-has-button-gradient\" style=\"--button_accent_color:#ffffff;--button_accent_hover_color:#f44336;--button_border_hover_color:#f44336;--button_border_width-top:0;--button_border_width-right:0;--button_border_width-bottom:0;--button_border_width-left:0;--button_gradient_top_color:rgba(254,201,107,0);--button_gradient_bottom_color:rgba(254,201,107,0);--button_gradient_top_color_hover:#ffffff;--button_gradient_bottom_color_hover:rgba(0,0,0,0);\" target=\"_self\" href=\"https:\/\/karitaszeger.hu\/web\/segits\/\"><i class=\"fa-credit-card fas awb-button__icon awb-button__icon--default button-icon-left\" aria-hidden=\"true\"><\/i><span class=\"fusion-button-text awb-button__text awb-button__text--default\">ONLINE ADOM\u00c1NYOZ\u00c1S<\/span><\/a><\/div><\/div><\/div><div class=\"fusion-layout-column fusion_builder_column_inner fusion-builder-nested-column-2 fusion_builder_column_inner_1_3 1_3 fusion-flex-column\" style=\"--awb-bg-size:cover;--awb-width-large:33.333333333333%;--awb-margin-top-large:0px;--awb-spacing-right-large:0px;--awb-margin-bottom-large:20px;--awb-spacing-left-large:0px;--awb-width-medium:100%;--awb-order-medium:0;--awb-spacing-right-medium:0px;--awb-spacing-left-medium:0px;--awb-width-small:100%;--awb-order-small:0;--awb-spacing-right-small:0px;--awb-spacing-left-small:0px;\"><div class=\"fusion-column-wrapper fusion-column-has-shadow fusion-flex-justify-content-flex-start fusion-content-layout-column\"><\/div><\/div><\/div><\/div><\/div><\/div><\/div><\/p>\n","protected":false},"excerpt":{"rendered":"","protected":false},"author":3,"featured_media":0,"parent":0,"menu_order":0,"comment_status":"closed","ping_status":"closed","template":"100-width.php","meta":{"footnotes":""},"class_list":["post-2635","page","type-page","status-publish","hentry"],"_links":{"self":[{"href":"https:\/\/karitaszeger.hu\/web\/wp-json\/wp\/v2\/pages\/2635","targetHints":{"allow":["GET"]}}],"collection":[{"href":"https:\/\/karitaszeger.hu\/web\/wp-json\/wp\/v2\/pages"}],"about":[{"href":"https:\/\/karitaszeger.hu\/web\/wp-json\/wp\/v2\/types\/page"}],"author":[{"embeddable":true,"href":"https:\/\/karitaszeger.hu\/web\/wp-json\/wp\/v2\/users\/3"}],"replies":[{"embeddable":true,"href":"https:\/\/karitaszeger.hu\/web\/wp-json\/wp\/v2\/comments?post=2635"}],"version-history":[{"count":3,"href":"https:\/\/karitaszeger.hu\/web\/wp-json\/wp\/v2\/pages\/2635\/revisions"}],"predecessor-version":[{"id":2787,"href":"https:\/\/karitaszeger.hu\/web\/wp-json\/wp\/v2\/pages\/2635\/revisions\/2787"}],"wp:attachment":[{"href":"https:\/\/karitaszeger.hu\/web\/wp-json\/wp\/v2\/media?parent=2635"}],"curies":[{"name":"wp","href":"https:\/\/api.w.org\/{rel}","templated":true}]}}