{"id":698,"date":"2018-04-17T10:41:07","date_gmt":"2018-04-17T10:41:07","guid":{"rendered":"http:\/\/karitaszeger.hu\/web\/?page_id=698"},"modified":"2023-01-18T11:55:59","modified_gmt":"2023-01-18T11:55:59","slug":"segits","status":"publish","type":"page","link":"https:\/\/karitaszeger.hu\/web\/segits\/","title":{"rendered":"Seg\u00edtsen \u00d6n is!"},"content":{"rendered":"<p><div class=\"fusion-fullwidth fullwidth-box fusion-builder-row-1 fusion-flex-container nonhundred-percent-fullwidth non-hundred-percent-height-scrolling\" style=\"--awb-border-radius-top-left:0px;--awb-border-radius-top-right:0px;--awb-border-radius-bottom-right:0px;--awb-border-radius-bottom-left:0px;--awb-padding-top:20px;--awb-padding-bottom:20px;--awb-background-color:#ffffff;--awb-flex-wrap:wrap;\" ><div class=\"fusion-builder-row fusion-row fusion-flex-align-items-flex-start fusion-flex-content-wrap\" style=\"max-width:1216.8px;margin-left: calc(-4% \/ 2 );margin-right: calc(-4% \/ 2 );\"><div class=\"fusion-layout-column fusion_builder_column fusion-builder-column-0 fusion_builder_column_1_1 1_1 fusion-flex-column\" style=\"--awb-bg-size:cover;--awb-width-large:100%;--awb-margin-top-large:0px;--awb-spacing-right-large:1.92%;--awb-margin-bottom-large:20px;--awb-spacing-left-large:1.92%;--awb-width-medium:100%;--awb-order-medium:0;--awb-spacing-right-medium:1.92%;--awb-spacing-left-medium:1.92%;--awb-width-small:100%;--awb-order-small:0;--awb-spacing-right-small:1.92%;--awb-spacing-left-small:1.92%;\"><div class=\"fusion-column-wrapper fusion-column-has-shadow fusion-flex-justify-content-flex-start fusion-content-layout-column\"><div class=\"fusion-text fusion-text-1\"><h2><\/h2>\n<h2 style=\"text-align: center;\">Karitat\u00edv szolg\u00e1latunkat <strong>ADOM\u00c1NYOKB\u00d3L<\/strong> v\u00e9gezz\u00fck.<br \/>\n<strong>K\u00e9rj\u00fck, \u00d6n is t\u00e1mogassa seg\u00edt\u0151 szolg\u00e1latunkat!<\/strong><\/h2>\n<\/div><\/div><\/div><\/div><\/div><div class=\"fusion-fullwidth fullwidth-box fusion-builder-row-2 fusion-flex-container nonhundred-percent-fullwidth non-hundred-percent-height-scrolling\" style=\"--awb-background-position:left top;--awb-border-sizes-top:0px;--awb-border-sizes-bottom:0px;--awb-border-sizes-left:0px;--awb-border-sizes-right:0px;--awb-border-radius-top-left:0px;--awb-border-radius-top-right:0px;--awb-border-radius-bottom-right:0px;--awb-border-radius-bottom-left:0px;--awb-padding-top:0px;--awb-padding-bottom:15px;--awb-background-color:#f2f2f2;--awb-flex-wrap:wrap;\" ><div class=\"fusion-builder-row fusion-row fusion-flex-align-items-flex-start fusion-flex-content-wrap\" style=\"max-width:1216.8px;margin-left: calc(-4% \/ 2 );margin-right: calc(-4% \/ 2 );\"><div class=\"fusion-layout-column fusion_builder_column fusion-builder-column-1 fusion_builder_column_1_1 1_1 fusion-flex-column\" style=\"--awb-bg-size:cover;--awb-width-large:100%;--awb-margin-top-large:0px;--awb-spacing-right-large:1.92%;--awb-margin-bottom-large:20px;--awb-spacing-left-large:1.92%;--awb-width-medium:100%;--awb-order-medium:0;--awb-spacing-right-medium:1.92%;--awb-spacing-left-medium:1.92%;--awb-width-small:100%;--awb-order-small:0;--awb-spacing-right-small:1.92%;--awb-spacing-left-small:1.92%;\"><div class=\"fusion-column-wrapper fusion-column-has-shadow fusion-flex-justify-content-flex-start fusion-content-layout-column\"><div class=\"fusion-text fusion-text-2\"><h3><\/h3>\n<h3 style=\"text-align: left;\"><img decoding=\"async\" class=\"alignnone wp-image-607\" src=\"https:\/\/karitaszeger.hu\/web\/wp-content\/uploads\/2018\/03\/apple-icon-144x144.png\" alt=\"\" width=\"40\" height=\"40\" srcset=\"https:\/\/karitaszeger.hu\/web\/wp-content\/uploads\/2018\/03\/apple-icon-144x144-66x66.png 66w, https:\/\/karitaszeger.hu\/web\/wp-content\/uploads\/2018\/03\/apple-icon-144x144-100x100.png 100w, https:\/\/karitaszeger.hu\/web\/wp-content\/uploads\/2018\/03\/apple-icon-144x144.png 144w\" sizes=\"(max-width: 40px) 100vw, 40px\" \/> <strong><span style=\"color: #ff0000;\">Banki utal\u00e1ssal:<\/span> CIB Bank 10700282-48854209-51100005<\/strong><\/h3>\n<\/div><div class=\"fusion-builder-row fusion-builder-row-inner fusion-row fusion-flex-align-items-flex-start fusion-flex-content-wrap\" style=\"--awb-flex-grow:0;--awb-flex-grow-medium:0;--awb-flex-grow-small:0;--awb-flex-shrink:0;--awb-flex-shrink-medium:0;--awb-flex-shrink-small:0;width:104% !important;max-width:104% !important;margin-left: calc(-4% \/ 2 );margin-right: calc(-4% \/ 2 );\"><div class=\"fusion-layout-column fusion_builder_column_inner fusion-builder-nested-column-0 fusion_builder_column_inner_1_2 1_2 fusion-flex-column\" style=\"--awb-bg-size:cover;--awb-width-large:50%;--awb-margin-top-large:0px;--awb-spacing-right-large:3.84%;--awb-margin-bottom-large:20px;--awb-spacing-left-large:3.84%;--awb-width-medium:100%;--awb-order-medium:0;--awb-spacing-right-medium:1.92%;--awb-spacing-left-medium:1.92%;--awb-width-small:100%;--awb-order-small:0;--awb-spacing-right-small:1.92%;--awb-spacing-left-small:1.92%;\"><div class=\"fusion-column-wrapper fusion-column-has-shadow fusion-flex-justify-content-flex-start fusion-content-layout-column\"><div class=\"fusion-text fusion-text-3\"><h3 style=\"text-align: left;\"><strong><span style=\"color: #ff0000;\"><img decoding=\"async\" class=\"alignnone wp-image-607\" src=\"https:\/\/karitaszeger.hu\/web\/wp-content\/uploads\/2018\/03\/apple-icon-144x144.png\" alt=\"\" width=\"40\" height=\"40\" srcset=\"https:\/\/karitaszeger.hu\/web\/wp-content\/uploads\/2018\/03\/apple-icon-144x144-66x66.png 66w, https:\/\/karitaszeger.hu\/web\/wp-content\/uploads\/2018\/03\/apple-icon-144x144-100x100.png 100w, https:\/\/karitaszeger.hu\/web\/wp-content\/uploads\/2018\/03\/apple-icon-144x144.png 144w\" sizes=\"(max-width: 40px) 100vw, 40px\" \/> Online adom\u00e1nyoz\u00e1ssal:<\/span><\/strong><\/h3>\n<\/div><\/div><\/div><div class=\"fusion-layout-column fusion_builder_column_inner fusion-builder-nested-column-1 fusion_builder_column_inner_1_2 1_2 fusion-flex-column\" style=\"--awb-bg-size:cover;--awb-width-large:50%;--awb-margin-top-large:0px;--awb-spacing-right-large:3.84%;--awb-margin-bottom-large:20px;--awb-spacing-left-large:3.84%;--awb-width-medium:100%;--awb-order-medium:0;--awb-spacing-right-medium:1.92%;--awb-spacing-left-medium:1.92%;--awb-width-small:100%;--awb-order-small:0;--awb-spacing-right-small:1.92%;--awb-spacing-left-small:1.92%;\"><div class=\"fusion-column-wrapper fusion-column-has-shadow fusion-flex-justify-content-flex-start fusion-content-layout-column\"><div style=\"text-align:left;\"><a class=\"fusion-button button-flat button-large button-default fusion-button-default button-1 fusion-button-default-span fusion-button-default-type\" target=\"_self\" href=\"https:\/\/karitaszeger.hu\/web\/uzlet\/\"><i class=\"fa-credit-card fas awb-button__icon awb-button__icon--default button-icon-left\" aria-hidden=\"true\"><\/i><span class=\"fusion-button-text awb-button__text awb-button__text--default\">ONLINE ADOM\u00c1NYOZ\u00c1S<\/span><\/a><\/div><\/div><\/div><\/div><div class=\"fusion-text fusion-text-4\"><h3><strong><span style=\"color: #ff0000;\"><img decoding=\"async\" class=\"alignnone wp-image-607\" src=\"https:\/\/karitaszeger.hu\/web\/wp-content\/uploads\/2018\/03\/apple-icon-144x144.png\" alt=\"\" width=\"40\" height=\"40\" srcset=\"https:\/\/karitaszeger.hu\/web\/wp-content\/uploads\/2018\/03\/apple-icon-144x144-66x66.png 66w, https:\/\/karitaszeger.hu\/web\/wp-content\/uploads\/2018\/03\/apple-icon-144x144-100x100.png 100w, https:\/\/karitaszeger.hu\/web\/wp-content\/uploads\/2018\/03\/apple-icon-144x144.png 144w\" sizes=\"(max-width: 40px) 100vw, 40px\" \/> 1356 &#8211; H\u00cdVJON, HOGY SEG\u00cdTHESS\u00dcNK!<\/span><\/strong><\/h3>\n<\/div><div class=\"fusion-builder-row fusion-builder-row-inner fusion-row fusion-flex-align-items-flex-start fusion-flex-content-wrap\" style=\"--awb-flex-grow:0;--awb-flex-grow-medium:0;--awb-flex-grow-small:0;--awb-flex-shrink:0;--awb-flex-shrink-medium:0;--awb-flex-shrink-small:0;width:104% !important;max-width:104% !important;margin-left: calc(-4% \/ 2 );margin-right: calc(-4% \/ 2 );\"><div class=\"fusion-layout-column fusion_builder_column_inner fusion-builder-nested-column-2 fusion_builder_column_inner_1_2 1_2 fusion-flex-column\" style=\"--awb-padding-right:10px;--awb-padding-left:10px;--awb-bg-size:cover;--awb-border-color:#f41000;--awb-border-top:2px;--awb-border-right:2px;--awb-border-bottom:2px;--awb-border-left:2px;--awb-border-style:solid;--awb-width-large:50%;--awb-margin-top-large:0px;--awb-spacing-right-large:3.84%;--awb-margin-bottom-large:20px;--awb-spacing-left-large:3.84%;--awb-width-medium:100%;--awb-order-medium:0;--awb-spacing-right-medium:1.92%;--awb-spacing-left-medium:1.92%;--awb-width-small:100%;--awb-order-small:0;--awb-spacing-right-small:1.92%;--awb-spacing-left-small:1.92%;\"><div class=\"fusion-column-wrapper fusion-column-has-shadow fusion-flex-justify-content-flex-start fusion-content-layout-column\"><div class=\"fusion-text fusion-text-5\"><p><strong>T\u00e1mogat\u00e1s\u00e1t most egyszer\u0171 m\u00f3don, csup\u00e1n egy gombnyom\u00e1ssal megteheti! Az 1356 h\u00edv\u00e1s\u00e1val \u00d6n 500 forinttal seg\u00edti munk\u00e1nkat.<\/strong><\/p>\n<p>Seg\u00e9lyszervezet\u00fcnk, a Katolikus Karit\u00e1sz m\u00e1r t\u00f6bb mint 85 \u00e9ve seg\u00edti azokat, akik szoci\u00e1lis, eg\u00e9szs\u00e9g\u00fcgyi vagy egy\u00e9b okok miatt neh\u00e9z k\u00f6r\u00fclm\u00e9nyek k\u00f6z\u00f6tt \u00e9lnek vagy valamilyen katasztr\u00f3fa s\u00fajtotta \u0151ket. Anyagi \u00e9s szoci\u00e1lis seg\u00e9lyakci\u00f3kkal, gy\u00f3gyszert\u00e1mogat\u00e1ssal, \u00e9lelmiszer \u00e9s v\u00e1s\u00e1rl\u00e1si utalv\u00e1nnyal, k\u00f6z\u00fczemi hozz\u00e1j\u00e1rul\u00e1ssal igyeksz\u00fcnk seg\u00edteni mindazoknak, akik m\u00e1st\u00f3l nem sz\u00e1m\u00edthatnak t\u00e1mogat\u00e1sra.<\/p>\n<p>Ahhoz, hogy munk\u00e1nkat tov\u00e1bb folytathassuk \u00e9s min\u00e9l t\u00f6bb r\u00e1szorul\u00f3nak seg\u00edthess\u00fcnk &#8211; ak\u00e1r csak a napi meleg \u00e9tkez\u00e9s biztos\u00edt\u00e1s\u00e1val &#8211; n\u00e9lk\u00fcl\u00f6zhetetlen az \u00d6n seg\u00edts\u00e9ge! K\u00e9rj\u00fck, adom\u00e1ny\u00e1val t\u00e1mogassa karitat\u00edv szervezetek munk\u00e1j\u00e1t, hogy min\u00e9l t\u00f6bben \u00e9rezhess\u00e9k ez \u00e1ltal a gondoskod\u00f3 szeretetet.<\/p>\n<p>T\u00e1mogat\u00e1s\u00e1t most egyszer\u0171 m\u00f3don, csup\u00e1n egy gombnyom\u00e1ssal megteheti! Az 1356 h\u00edv\u00e1s\u00e1val \u00d6n 500 forinttal seg\u00edtheti k\u00f6z\u00f6s \u00f6sszefog\u00e1sunkat.<\/p>\n<p><span class=\"piros\"><strong>H\u00edvja \u00d6n is a 1356-ot! Seg\u00edtsen, hogy seg\u00edthess\u00fcnk!<\/strong><\/span><\/p>\n<p><span class=\"szurke\"><strong>Technikai inform\u00e1ci\u00f3k:<\/strong><br \/>\nAdom\u00e1nyvonalunk a 1356-os sz\u00e1mon az orsz\u00e1g \u00f6sszes mobilszolg\u00e1ltat\u00f3 (Telenor, T-Mobile, Vodafone) h\u00e1l\u00f3zat\u00e1r\u00f3l, a Magyar Telekom, a UPC \u00e9s a Digi h\u00e1l\u00f3zat\u00e1r\u00f3l is h\u00edvhat\u00f3.\u00a0\u00a0<\/span><\/p>\n<p><span class=\"szurke\">A szolg\u00e1ltat\u00e1s ig\u00e9nybev\u00e9tel\u00e9\u00e9rt a h\u00edv\u00e1sviszonylatt\u00f3l \u00e9s a d\u00edjaz\u00e1si id\u0151szakt\u00f3l f\u00fcggetlen\u00fcl, h\u00edv\u00e1sonk\u00e9nt fix d\u00edjat kell fizetni. A h\u00edv\u00e1s \u00e1ra mindegyik h\u00e1l\u00f3zatb\u00f3l brutt\u00f3 500,-ft!<\/span><\/p>\n<\/div><\/div><\/div><div class=\"fusion-layout-column fusion_builder_column_inner fusion-builder-nested-column-3 fusion_builder_column_inner_1_2 1_2 fusion-flex-column\" style=\"--awb-bg-size:cover;--awb-width-large:50%;--awb-margin-top-large:0px;--awb-spacing-right-large:3.84%;--awb-margin-bottom-large:20px;--awb-spacing-left-large:3.84%;--awb-width-medium:100%;--awb-order-medium:0;--awb-spacing-right-medium:1.92%;--awb-spacing-left-medium:1.92%;--awb-width-small:100%;--awb-order-small:0;--awb-spacing-right-small:1.92%;--awb-spacing-left-small:1.92%;\"><div class=\"fusion-column-wrapper fusion-column-has-shadow fusion-flex-justify-content-flex-start fusion-content-layout-column\"><div class=\"fusion-text fusion-text-6\"><h3 style=\"text-align: center;\"><strong>MIRE EL\u00c9G AZ ADOM\u00c1NYA?<\/strong><\/h3>\n<div class=\"mirejosav bgvilagos\" style=\"text-align: center;\">\n<div class=\"nagyikon\">\n<p><img decoding=\"async\" class=\"size-full wp-image-2570 alignleft\" src=\"https:\/\/karitaszeger.hu\/web\/wp-content\/uploads\/2021\/02\/nagyikon1.png\" alt=\"\" width=\"86\" height=\"84\" \/><\/p>\n<h4 class=\"osszeg piros kozepre\" style=\"text-align: left;\"><strong>2 500 Ft<\/strong><\/h4>\n<\/div>\n<h6 class=\"osszeg piros kozepre\" style=\"text-align: left;\">Egy vet\u0151magcsomag, amely egy 200 m2 nagys\u00e1g\u00fa kertben a csal\u00e1d \u00e9ves z\u00f6lds\u00e9gig\u00e9ny\u00e9t biztos\u00edtani tudja.<\/h6>\n<\/div>\n<div class=\"mirejosav \" style=\"text-align: center;\">\n<div><\/div>\n<div>\n<hr \/>\n<\/div>\n<div class=\"nagyikon\"><img decoding=\"async\" class=\"size-full wp-image-2571 alignleft\" src=\"https:\/\/karitaszeger.hu\/web\/wp-content\/uploads\/2021\/02\/nagyikon2.png\" alt=\"\" width=\"86\" height=\"84\" \/><\/div>\n<h4 class=\"osszeg piros kozepre\" style=\"text-align: left;\"><strong>5\u00a0000 Ft<\/strong><\/h4>\n<h6 class=\"mirejo\" style=\"text-align: left;\">Egy higi\u00e9niai csomag. Egy h\u00e9tv\u00e9gi \u00e9lelmiszercsomag. Egy iskolat\u00e1ska.<\/h6>\n<\/div>\n<div class=\"mirejosav bgvilagos\" style=\"text-align: center;\">\n<div><\/div>\n<div class=\"nagyikon\">\n<hr \/>\n<p><img decoding=\"async\" class=\"size-full wp-image-2572 alignleft\" src=\"https:\/\/karitaszeger.hu\/web\/wp-content\/uploads\/2021\/02\/nagyikon3.png\" alt=\"\" width=\"86\" height=\"84\" \/><\/p>\n<\/div>\n<h4 class=\"osszeg piros kozepre\" style=\"text-align: left;\"><strong>10\u00a0000 Ft<\/strong><\/h4>\n<h6 class=\"mirejo\" style=\"text-align: left;\">Egy v\u00e9szhelyzeti kr\u00edziscsomag (\u00e9lelmiszer, higi\u00e9niai eszk\u00f6z\u00f6k)<\/h6>\n<\/div>\n<div class=\"mirejosav \" style=\"text-align: center;\">\n<div><\/div>\n<div class=\"nagyikon\">\n<hr \/>\n<p><img decoding=\"async\" class=\"size-full wp-image-2573 alignleft\" src=\"https:\/\/karitaszeger.hu\/web\/wp-content\/uploads\/2021\/02\/nagyikon4.png\" alt=\"\" width=\"86\" height=\"84\" \/><\/p>\n<\/div>\n<h4 class=\"osszeg piros kozepre\" style=\"text-align: left;\"><strong>25\u00a0000 Ft<\/strong><\/h4>\n<h6 class=\"mirejo\" style=\"text-align: left;\">Egy k\u00f6bm\u00e9ter t\u0171zifa. Egy gyermek egy heti t\u00e1boroztat\u00e1sa.<\/h6>\n<\/div>\n<div class=\"mirejosav bgvilagos\">\n<div style=\"text-align: center;\"><\/div>\n<div class=\"nagyikon\" style=\"text-align: center;\">\n<hr \/>\n<p><img decoding=\"async\" class=\"size-full wp-image-2574 alignleft\" src=\"https:\/\/karitaszeger.hu\/web\/wp-content\/uploads\/2021\/02\/nagyikon5.png\" alt=\"\" width=\"86\" height=\"84\" \/><\/p>\n<\/div>\n<h4 class=\"osszeg piros kozepre\" style=\"text-align: left;\"><strong>50\u00a0000 Ft<\/strong><\/h4>\n<h6 class=\"mirejo\" style=\"text-align: left;\">Egy vask\u00e1lyha. Egy csal\u00e1d lak\u00f3h\u00e1z\u00e1nak rendbet\u00e9tele (fest\u00e9s, udvarrendez\u00e9s) \u00f6nk\u00e9ntes munk\u00e1val. Egy csal\u00e1d egy havi lakhat\u00e1s\u00e1nak seg\u00edt\u00e9se.<\/h6>\n<\/div>\n<\/div><div class=\"fusion-separator fusion-full-width-sep\" style=\"align-self: center;margin-left: auto;margin-right: auto;width:100%;\"><div class=\"fusion-separator-border sep-single\" style=\"--awb-height:20px;--awb-amount:20px;border-color:#e00000;border-top-width:1px;\"><\/div><\/div><div class=\"fusion-image-element \" style=\"text-align:center;--awb-margin-top:20px;--awb-caption-title-font-family:var(--h2_typography-font-family);--awb-caption-title-font-weight:var(--h2_typography-font-weight);--awb-caption-title-font-style:var(--h2_typography-font-style);--awb-caption-title-size:var(--h2_typography-font-size);--awb-caption-title-transform:var(--h2_typography-text-transform);--awb-caption-title-line-height:var(--h2_typography-line-height);--awb-caption-title-letter-spacing:var(--h2_typography-letter-spacing);\"><span class=\" fusion-imageframe imageframe-none imageframe-1 hover-type-none\"><img decoding=\"async\" width=\"480\" height=\"120\" title=\"Caritas_1%_email_alairas_01\" src=\"https:\/\/karitaszeger.hu\/web\/wp-content\/uploads\/2021\/03\/Caritas_1_email_alairas_01.jpg\" alt class=\"img-responsive wp-image-2835\" srcset=\"https:\/\/karitaszeger.hu\/web\/wp-content\/uploads\/2021\/03\/Caritas_1_email_alairas_01-200x50.jpg 200w, https:\/\/karitaszeger.hu\/web\/wp-content\/uploads\/2021\/03\/Caritas_1_email_alairas_01-400x100.jpg 400w, https:\/\/karitaszeger.hu\/web\/wp-content\/uploads\/2021\/03\/Caritas_1_email_alairas_01.jpg 480w\" sizes=\"(max-width: 1024px) 100vw, (max-width: 640px) 100vw, 480px\" \/><\/span><\/div><\/div><\/div><\/div><\/div><\/div><\/div><\/div><div class=\"fusion-fullwidth fullwidth-box fusion-builder-row-3 fusion-flex-container nonhundred-percent-fullwidth non-hundred-percent-height-scrolling\" style=\"--awb-border-radius-top-left:0px;--awb-border-radius-top-right:0px;--awb-border-radius-bottom-right:0px;--awb-border-radius-bottom-left:0px;--awb-flex-wrap:wrap;\" ><div class=\"fusion-builder-row fusion-row fusion-flex-align-items-flex-start fusion-flex-content-wrap\" style=\"max-width:1216.8px;margin-left: calc(-4% \/ 2 );margin-right: calc(-4% \/ 2 );\"><div class=\"fusion-layout-column fusion_builder_column fusion-builder-column-2 fusion_builder_column_1_1 1_1 fusion-flex-column\" style=\"--awb-bg-size:cover;--awb-width-large:100%;--awb-margin-top-large:0px;--awb-spacing-right-large:1.92%;--awb-margin-bottom-large:20px;--awb-spacing-left-large:1.92%;--awb-width-medium:100%;--awb-spacing-right-medium:1.92%;--awb-spacing-left-medium:1.92%;--awb-width-small:100%;--awb-spacing-right-small:1.92%;--awb-spacing-left-small:1.92%;\"><div class=\"fusion-column-wrapper fusion-flex-justify-content-flex-start fusion-content-layout-column\"><div class=\"fusion-text fusion-text-7\"><h3><\/h3>\n<h3><\/h3>\n<h3><strong><span style=\"color: #ff0000;\">T\u00e1rgyi adom\u00e1nyok felaj\u00e1nl\u00e1sa:<\/span><\/strong><\/h3>\n<ul>\n<li><strong>j\u00f3 \u00e1llapot\u00fa, m\u00e1sok sz\u00e1m\u00e1ra tov\u00e1bbadhat\u00f3 eszk\u00f6z\u00f6k;<\/strong><\/li>\n<li><strong>gyermekruha, j\u00e1t\u00e9k, k\u00f6nyv;<\/strong><\/li>\n<li><strong>le nem j\u00e1rt szavatoss\u00e1g\u00fa, gy\u00e1ri csomagol\u00e1s\u00fa \u00e9lelmiszer;<\/strong><\/li>\n<li><strong>m\u0171k\u00f6d\u0151k\u00e9pes m\u0171szaki eszk\u00f6z\u00f6k;<\/strong><\/li>\n<li><strong>j\u00f3 \u00e1llapot\u00fa b\u00fatorok, lakberendez\u00e9si t\u00e1rgyak.<\/strong><\/li>\n<\/ul>\n<h3><\/h3>\n<\/div><div class=\"fusion-separator fusion-full-width-sep\" style=\"align-self: center;margin-left: auto;margin-right: auto;width:100%;\"><div class=\"fusion-separator-border sep-single sep-solid\" style=\"--awb-height:20px;--awb-amount:20px;border-color:#e00000;border-top-width:1px;\"><\/div><\/div><div class=\"fusion-text fusion-text-8\"><h3><\/h3>\n<h3><\/h3>\n<h3><strong><span style=\"color: #ff0000;\">El\u00e9rhet\u0151s\u00e9geink:<\/span><\/strong><\/h3>\n<\/div><\/div><\/div><div class=\"fusion-layout-column fusion_builder_column fusion-builder-column-3 fusion_builder_column_1_3 1_3 fusion-flex-column\" style=\"--awb-bg-size:cover;--awb-width-large:33.333333333333%;--awb-margin-top-large:0px;--awb-spacing-right-large:5.76%;--awb-margin-bottom-large:20px;--awb-spacing-left-large:5.76%;--awb-width-medium:100%;--awb-order-medium:0;--awb-spacing-right-medium:1.92%;--awb-spacing-left-medium:1.92%;--awb-width-small:100%;--awb-order-small:0;--awb-spacing-right-small:1.92%;--awb-spacing-left-small:1.92%;\"><div class=\"fusion-column-wrapper fusion-column-has-shadow fusion-flex-justify-content-flex-start fusion-content-layout-column\"><div class=\"fusion-text fusion-text-9\"><h3><span style=\"color: #ff0000;\">Egri Karit\u00e1sz K\u00f6zpont<\/span><\/h3>\n<p><strong>3300 Eger, Aradi u. 6.<\/strong><br \/><strong>E-mail: <a href=\"mailto:eger.caritas@gmail.com\">eger.caritas@gmail.com<\/a><\/strong><br \/><strong>Tel: +36 36 518-603<\/strong><\/p>\n<\/div><\/div><\/div><div class=\"fusion-layout-column fusion_builder_column fusion-builder-column-4 fusion_builder_column_1_3 1_3 fusion-flex-column\" style=\"--awb-bg-size:cover;--awb-width-large:33.333333333333%;--awb-margin-top-large:0px;--awb-spacing-right-large:5.76%;--awb-margin-bottom-large:20px;--awb-spacing-left-large:5.76%;--awb-width-medium:100%;--awb-order-medium:0;--awb-spacing-right-medium:1.92%;--awb-spacing-left-medium:1.92%;--awb-width-small:100%;--awb-order-small:0;--awb-spacing-right-small:1.92%;--awb-spacing-left-small:1.92%;\"><div class=\"fusion-column-wrapper fusion-column-has-shadow fusion-flex-justify-content-flex-start fusion-content-layout-column\"><div class=\"fusion-text fusion-text-10\"><h3><span style=\"color: #ff0000;\">Miskolci Karit\u00e1szPONT<\/span><\/h3>\n<p><strong>3530 Miskolc, Kir\u00e1ly u. 5\/A.<\/strong><br \/>\n<strong>Tel: +36\u00a046 542-504<\/strong><\/p>\n<\/div><\/div><\/div><div class=\"fusion-layout-column fusion_builder_column fusion-builder-column-5 fusion_builder_column_1_3 1_3 fusion-flex-column\" style=\"--awb-bg-size:cover;--awb-width-large:33.333333333333%;--awb-margin-top-large:0px;--awb-spacing-right-large:5.76%;--awb-margin-bottom-large:20px;--awb-spacing-left-large:5.76%;--awb-width-medium:100%;--awb-order-medium:0;--awb-spacing-right-medium:1.92%;--awb-spacing-left-medium:1.92%;--awb-width-small:100%;--awb-order-small:0;--awb-spacing-right-small:1.92%;--awb-spacing-left-small:1.92%;\"><div class=\"fusion-column-wrapper fusion-column-has-shadow fusion-flex-justify-content-flex-start fusion-content-layout-column\"><div class=\"fusion-text fusion-text-11\"><h3><span style=\"color: #ff0000;\">R\u00e9v Szenved\u00e9lybeteg-seg\u00edt\u0151 Szolg\u00e1lat Eger<\/span><\/h3>\n<p><strong>3300 Eger, Kolozsv\u00e1ri \u00fat 49.<\/strong><br \/>\n<strong>E-mail: <a href=\"mailto:egerrev@t-online.hu\">egerrev@t-online.hu<\/a><\/strong><br \/>\n<strong>Honlap: <a href=\"http:\/\/www.egerrev.hu\">www.egerrev.hu<\/a><\/strong><br \/>\n<strong>Tel: +36 36 518-328<\/strong><\/p>\n<\/div><\/div><\/div><\/div><\/div><\/p>\n","protected":false},"excerpt":{"rendered":"","protected":false},"author":1,"featured_media":0,"parent":0,"menu_order":0,"comment_status":"closed","ping_status":"closed","template":"100-width.php","meta":{"footnotes":""},"class_list":["post-698","page","type-page","status-publish","hentry"],"_links":{"self":[{"href":"https:\/\/karitaszeger.hu\/web\/wp-json\/wp\/v2\/pages\/698","targetHints":{"allow":["GET"]}}],"collection":[{"href":"https:\/\/karitaszeger.hu\/web\/wp-json\/wp\/v2\/pages"}],"about":[{"href":"https:\/\/karitaszeger.hu\/web\/wp-json\/wp\/v2\/types\/page"}],"author":[{"embeddable":true,"href":"https:\/\/karitaszeger.hu\/web\/wp-json\/wp\/v2\/users\/1"}],"replies":[{"embeddable":true,"href":"https:\/\/karitaszeger.hu\/web\/wp-json\/wp\/v2\/comments?post=698"}],"version-history":[{"count":77,"href":"https:\/\/karitaszeger.hu\/web\/wp-json\/wp\/v2\/pages\/698\/revisions"}],"predecessor-version":[{"id":4743,"href":"https:\/\/karitaszeger.hu\/web\/wp-json\/wp\/v2\/pages\/698\/revisions\/4743"}],"wp:attachment":[{"href":"https:\/\/karitaszeger.hu\/web\/wp-json\/wp\/v2\/media?parent=698"}],"curies":[{"name":"wp","href":"https:\/\/api.w.org\/{rel}","templated":true}]}}