{"id":2733,"date":"2021-02-11T15:13:23","date_gmt":"2021-02-11T15:13:23","guid":{"rendered":"https:\/\/karitaszeger.hu\/web\/?post_type=product&#038;p=2733"},"modified":"2023-08-05T00:24:25","modified_gmt":"2023-08-04T22:24:25","slug":"online-adomanyozas","status":"publish","type":"product","link":"https:\/\/karitaszeger.hu\/web\/termek\/online-adomanyozas\/","title":{"rendered":"Online adom\u00e1nyoz\u00e1s &#8211; \u00e1ltal\u00e1nos c\u00e9llal"},"content":{"rendered":"<p>Online adom\u00e1nyoz\u00e1s \u00e1ltal\u00e1nos c\u00e9llal.<\/p>\n","protected":false},"excerpt":{"rendered":"<p>Online adom\u00e1nyoz\u00e1s \u00e1ltal\u00e1nos c\u00e9llal.<\/p>\n","protected":false},"featured_media":652,"comment_status":"open","ping_status":"closed","template":"","meta":[],"product_brand":[],"product_cat":[105],"product_tag":[],"class_list":{"0":"post-2733","1":"product","2":"type-product","3":"status-publish","4":"has-post-thumbnail","6":"product_cat-adomany","8":"first","9":"instock","10":"virtual","11":"purchasable","12":"product-type-simple"},"_links":{"self":[{"href":"https:\/\/karitaszeger.hu\/web\/wp-json\/wp\/v2\/product\/2733","targetHints":{"allow":["GET"]}}],"collection":[{"href":"https:\/\/karitaszeger.hu\/web\/wp-json\/wp\/v2\/product"}],"about":[{"href":"https:\/\/karitaszeger.hu\/web\/wp-json\/wp\/v2\/types\/product"}],"replies":[{"embeddable":true,"href":"https:\/\/karitaszeger.hu\/web\/wp-json\/wp\/v2\/comments?post=2733"}],"wp:featuredmedia":[{"embeddable":true,"href":"https:\/\/karitaszeger.hu\/web\/wp-json\/wp\/v2\/media\/652"}],"wp:attachment":[{"href":"https:\/\/karitaszeger.hu\/web\/wp-json\/wp\/v2\/media?parent=2733"}],"wp:term":[{"taxonomy":"product_brand","embeddable":true,"href":"https:\/\/karitaszeger.hu\/web\/wp-json\/wp\/v2\/product_brand?post=2733"},{"taxonomy":"product_cat","embeddable":true,"href":"https:\/\/karitaszeger.hu\/web\/wp-json\/wp\/v2\/product_cat?post=2733"},{"taxonomy":"product_tag","embeddable":true,"href":"https:\/\/karitaszeger.hu\/web\/wp-json\/wp\/v2\/product_tag?post=2733"}],"curies":[{"name":"wp","href":"https:\/\/api.w.org\/{rel}","templated":true}]}}